{"id":763,"date":"2024-07-18T18:04:06","date_gmt":"2024-07-18T18:04:06","guid":{"rendered":"https:\/\/bee-ecosystem.io\/?page_id=763"},"modified":"2024-10-11T08:23:12","modified_gmt":"2024-10-11T08:23:12","slug":"bee-dapp-market","status":"publish","type":"page","link":"https:\/\/bee-ecosystem.io\/hu\/bee-dapp-market\/","title":{"rendered":"Bee-dApp Market"},"content":{"rendered":"<div class=\"wpb-content-wrapper\"><p>[vc_row css=&#8221;.vc_custom_1721332089121{padding-top: 55px !important;}&#8221;][vc_column][vc_column_text css=&#8221;.vc_custom_1728634802518{padding-bottom: 55px !important;}&#8221; el_class=&#8221;text-block&#8221;]<\/p>\n<h4>Bee-Ecosystem megold\u00e1sok<\/h4>\n<p class=\"lead\">A <span style=\"font-family: MADE Evolve Sans Light EVO;\">Bee-Ecosystem<\/span> 4 nagyobb ter\u00fcletre koncentr\u00e1l:<\/p>\n<ol>\n<li><span style=\"font-family: MADE Evolve Sans Bold EVO;\">Bee-HOME<\/span><strong>: Megfizethet\u0151 \u00e9s fenntarthat\u00f3 lakhat\u00e1s<br \/>\n<\/strong><\/li>\n<\/ol>\n<ul>\n<li><strong>Innovat\u00edv lakhat\u00e1si megold\u00e1sok.<\/strong> Modul\u00e1ris h\u00e1zak, el\u0151regy\u00e1rtott h\u00e1zak, falpanel technol\u00f3gia \u00e9s gurul\u00f3 Tiny House-ok.<\/li>\n<li><strong>Cohousing k\u00f6z\u00f6ss\u00e9gek.<\/strong> K\u00f6z\u00f6ss\u00e9gi lakhat\u00e1s hasonl\u00f3an gondolkod\u00f3 egy\u00e9nek sz\u00e1m\u00e1ra.<\/li>\n<li><strong>Mobilit\u00e1s.<\/strong> V\u00e1ltson k\u00f6nnyed\u00e9n a lak\u00e1sok k\u00f6z\u00f6tt \u00faj szerz\u0151d\u00e9sek vagy kauci\u00f3 n\u00e9lk\u00fcl az alkalmaz\u00e1sunk seg\u00edts\u00e9g\u00e9vel.<\/li>\n<li><strong>Z\u00f6kken\u0151mentes fizet\u00e9s.<\/strong> Havi b\u00e9rleti d\u00edj fizet\u00e9se <span style=\"color: #8ed1fc; font-family: MADE Evolve Sans Light EVO;\">Bee Cash<\/span> -ben, a blokkl\u00e1nc alap\u00fa valut\u00e1nkban.<\/li>\n<\/ul>\n<ol>\n<li><span style=\"font-family: MADE Evolve Sans Bold EVO;\">Bee-HEALTH<\/span><strong>: Eg\u00e9szs\u00e9ges \u00e9letm\u00f3d<br \/>\n<\/strong><\/li>\n<\/ol>\n<ul>\n<li><strong>Permakult\u00fara.<\/strong> Termeljen \u00e9s adjon el fenntarthat\u00f3an el\u0151\u00e1ll\u00edtott term\u00e9keket a <span style=\"font-family: MADE Evolve Sans Light EVO; color: #8ed1fc;\">Bee-dApp Market<\/span>en kereszt\u00fcl az \u00f6nell\u00e1t\u00e1s el\u0151seg\u00edt\u00e9se \u00e9rdek\u00e9ben.<\/li>\n<li><strong>Kistermel\u0151k t\u00e1mogat\u00e1sa.<\/strong> A helyi gazd\u00e1k k\u00f6zvetlen\u00fcl \u00e9rt\u00e9kes\u00edthetnek a k\u00f6z\u00f6ss\u00e9g tagjainak, megker\u00fclne a kiskereskedelmi l\u00e1ncokat.<\/li>\n<\/ul>\n<ol>\n<li><span style=\"font-family: MADE Evolve Sans Bold EVO;\">Bee-HOLIDAY<\/span><strong>: Fenntarthat\u00f3 utaz\u00e1s \u00e9s szabadid\u0151s tev\u00e9kenys\u00e9gek.<br \/>\n<\/strong><\/li>\n<\/ol>\n<ul>\n<li><strong>Term\u00e9szet-alap\u00fa tev\u00e9kenys\u00e9gek.<\/strong> \u00c9lvezze a modul\u00e1ris lak\u00f3egys\u00e9gek k\u00e9nyelm\u00e9t tematikus parkokban, sportol\u00e1shoz, kir\u00e1ndul\u00e1shoz, vagy b\u00e1rmi m\u00e1shoz.<\/li>\n<li><strong>T\u00e1mogassa a helyi v\u00e1llalkoz\u00f3kat.<\/strong> Egy\u00fcttm\u0171k\u00f6d\u00e9s turisztikai \u00e9s vend\u00e9gl\u00e1t\u00f3ipari v\u00e1llalkoz\u00e1sokkal a tagi szolg\u00e1ltat\u00e1sok jav\u00edt\u00e1sa \u00e9rdek\u00e9ben.<\/li>\n<\/ul>\n<ol>\n<li><span style=\"font-family: MADE Evolve Sans Bold EVO;\">Bee-CASH<\/span><strong>: Stabil p\u00e9nz\u00fcgyek<br \/>\n<\/strong><\/li>\n<\/ol>\n<ul>\n<li><strong>\u00c9rt\u00e9kalap\u00fa digit\u00e1lis valuta.<\/strong> A\u00a0<span style=\"color: #8ed1fc; font-family: MADE Evolve Sans Light EVO;\">Bee Cash<\/span> (<span style=\"color: #8ed1fc; font-family: MADE Evolve Sans Light EVO;\">BCS<\/span>)\u00a0 biztons\u00e1gos tranzakci\u00f3kat biztos\u00edt az \u00f6kosziszt\u00e9m\u00e1n bel\u00fcl.<\/li>\n<li><strong>N\u00f6vekv\u0151 \u00e9rt\u00e9k.<\/strong> A <span style=\"font-family: MADE Evolve Sans Light EVO; color: #8ed1fc;\">BCS<\/span> korl\u00e1tozott \u00e9s ellen\u0151rz\u00f6tt forgalma garant\u00e1lja az \u00e9rt\u00e9kn\u00f6veked\u00e9st.<\/li>\n<\/ul>\n<p>[\/vc_column_text][vc_row_inner][vc_column_inner]\n        <div class=\"section-head text-center\">\n                <div class=\"heading-animation\">\n            <span class=\"line-1\"><\/span><span class=\"line-2\"><\/span>\n            <span class=\"line-3\"><\/span><span class=\"line-4\"><\/span>\n            <span class=\"line-5\"><\/span><span class=\"line-6\"><\/span>\n            <span class=\"line-7\"><\/span><span class=\"line-8\"><\/span>\n        <\/div>\n                <h2 class=\"section-title animated\" data-animate=\"fadeInUp\" data-delay=\".1\">\n            Csatlakozz a Bee-dApp k\u00f6z\u00f6ss\u00e9ghez            <span>DAPP<\/span>        <\/h2>\n    <\/div>\n    \n[vc_column_text css=&#8221;.vc_custom_1728552888987{margin-top: 50px !important;}&#8221; el_class=&#8221;text-center&#8221;]<\/p>\n<p style=\"text-align: center;\">B\u00e1rki csatlakozhat hozz\u00e1nk, akik elfogadja az elveinket \u00e9s tud azonosulni a hozz\u00e1\u00e1ll\u00e1sunkkal, az ingyenes regisztr\u00e1ci\u00f3 \u00e9s a jogszab\u00e1lyokban el\u0151\u00edrt KYC<br \/>\n(ismerd meg az \u00fcgyfeledet) elj\u00e1r\u00e1s elv\u00e9gz\u00e9se ut\u00e1n. A tagok a <span style=\"font-family: MADE Evolve Sans Light EVO;\">BCS<\/span>-t haszn\u00e1lj\u00e1k a tranzakci\u00f3khoz, biztos\u00edtva a folyamatos p\u00e9nz\u00e1raml\u00e1st a k\u00f6z\u00f6ss\u00e9gen bel\u00fcl.<\/p>\n<p>[\/vc_column_text][\/vc_column_inner][\/vc_row_inner][\/vc_column][\/vc_row][vc_row css=&#8221;.vc_custom_1721328839938{padding-top: 55px !important;}&#8221;][vc_column][vc_column_text css=&#8221;.vc_custom_1728559858903{padding-bottom: 55px !important;}&#8221; el_class=&#8221;text-block&#8221;]<\/p>\n<h4>Piact\u00e9ri aj\u00e1nlatok<\/h4>\n<p class=\"lead\">A <span style=\"font-family: MADE Evolve Sans Light EVO;\">Bee-dApp Market<\/span> k\u00fcl\u00f6nb\u00f6z\u0151 partnerek term\u00e9keit \u00e9s szolg\u00e1ltat\u00e1sait k\u00edn\u00e1lja::<\/p>\n<ol>\n<li><strong>\u00d6ko termel\u0151k<\/strong><\/li>\n<\/ol>\n<ul>\n<li>Helyi termel\u0151k, gazd\u00e1k \u00e9s kert\u00e9szek, akik az applik\u00e1ci\u00f3n kereszt\u00fcl a kijel\u00f6lt pontokon k\u00edn\u00e1lj\u00e1k term\u00e9keiket.<\/li>\n<\/ul>\n<ol>\n<li><strong>\u00d6ko term\u00e9kpartnerek<\/strong><\/li>\n<\/ol>\n<ul>\n<li>Helyi k\u00e9zm\u0171vesek, aj\u00e1nd\u00e9kt\u00e1rgy k\u00e9sz\u00edt\u0151k, valamint gy\u00f3gy\u00e1szati term\u00e9kek \u00e9s \u00e9trend-kieg\u00e9sz\u00edt\u0151k el\u0151\u00e1ll\u00edt\u00f3i.<\/li>\n<\/ul>\n<ol>\n<li><strong>Term\u00e9kpartnerek<\/strong><\/li>\n<\/ol>\n<ul>\n<li>\u00c9p\u00edt\u00e9si, korszer\u0171s\u00edt\u00e9si \u00e9s lak\u00e1s\u00e9p\u00edt\u00e9si ig\u00e9nyeket kiel\u00e9g\u00edt\u0151 besz\u00e1ll\u00edt\u00f3k.<\/li>\n<\/ul>\n<ol>\n<li><strong>Szolg\u00e1ltat\u00e1si partnerek<\/strong><\/li>\n<\/ol>\n<ul>\n<li>Takar\u00edt\u00e1si, sz\u00e1ll\u00edt\u00e1si, k\u00f6nyvel\u00e9si \u00e9s jogi szolg\u00e1ltat\u00e1sokat ny\u00fajt\u00f3 szolg\u00e1ltat\u00f3k.<\/li>\n<\/ul>\n<ol>\n<li><strong>\u00dcd\u00fcl\u00e9si partnerek<\/strong><\/li>\n<\/ol>\n<ul>\n<li>Utaz\u00e1si \u00e9s \u00fcd\u00fcl\u00e9si szolg\u00e1ltat\u00e1sok, bele\u00e9rtve a kempingeket, sz\u00e1llod\u00e1kat, wellness-\u00fcd\u00fcl\u0151helyeket \u00e9s kultur\u00e1lis int\u00e9zm\u00e9nyeket.<\/li>\n<\/ul>\n<ol>\n<li><span style=\"font-family: MADE Evolve Sans Bold EVO;\">Bee-HOME<\/span><strong> Partnerek<\/strong><\/li>\n<\/ol>\n<ul>\n<li>Utaz\u00e1si \u00e9s \u00fcd\u00fcl\u00e9si szolg\u00e1ltat\u00e1sok, bele\u00e9rtve a kempingeket, sz\u00e1llod\u00e1kat, wellness-\u00fcd\u00fcl\u0151helyeket \u00e9s kultur\u00e1lis int\u00e9zm\u00e9nyeket.<\/li>\n<\/ul>\n<ol>\n<li><span style=\"font-family: MADE Evolve Sans Bold EVO;\">Bee-HOME<\/span><strong> parkol\u00f3hely partnerek<br \/>\n<\/strong><\/li>\n<\/ol>\n<ul>\n<li><span style=\"font-family: MADE Evolve Sans Light EVO;\">Bee-HOME<\/span> vagy <span style=\"font-family: MADE Evolve Sans Light EVO;\">HOLIDAY<\/span> projektek sz\u00e1m\u00e1ra telkeket b\u00e9rbead\u00f3 f\u00f6ldtulajdonosok.<\/li>\n<\/ul>\n<p>[\/vc_column_text][\/vc_column][\/vc_row][vc_row css_animation=&#8221;fadeInUp&#8221; css=&#8221;.vc_custom_1721332305452{padding-bottom: 55px !important;}&#8221;][vc_column][vc_column_text css=&#8221;.vc_custom_1728560716910{padding-bottom: 55px !important;}&#8221; el_class=&#8221;text-block&#8221;]<\/p>\n<h4>F\u0151bb jellemz\u0151k \u00e9s b\u0151v\u00edtm\u00e9nyek<\/h4>\n<ul>\n<li>Felhaszn\u00e1l\u00f3i webiroda: Kezelje k\u00e9nyelmesen a <span style=\"font-family: MADE Evolve Sans Light EVO;\">Bee-Ecosystemben<\/span> t\u00f6rt\u00e9n\u0151 minden tev\u00e9kenys\u00e9g\u00e9t.<\/li>\n<li>Token v\u00e1s\u00e1rl\u00e1s \u00e9s fizet\u00e9s: A befizet\u00e9sek \u00e9s let\u00e9tek z\u00f6kken\u0151mentes kezel\u00e9se.<\/li>\n<li><span style=\"font-family: MADE Evolve Sans Light EVO;\">NFT<\/span> menedzsment: <span style=\"font-family: MADE Evolve Sans Light EVO;\">NFT<\/span>-k v\u00e1s\u00e1rl\u00e1sa, kezel\u00e9se.<\/li>\n<li>GPS \u00e9s t\u00e9rk\u00e9p funkci\u00f3k: K\u00f6nny\u0171 navig\u00e1ci\u00f3 az \u00f6kosziszt\u00e9m\u00e1ban.<\/li>\n<li>Aj\u00e1nl\u00f3i program: Nyerjen jutalmakat az aj\u00e1nl\u00e1sok\u00e9rt!<\/li>\n<li>\u00dczenetek \u00e9s h\u00edrek: Maradjon naprak\u00e9sz a legfrissebb inform\u00e1ci\u00f3kkal \u00e9s kommunik\u00e1ljon a k\u00f6z\u00f6ss\u00e9g tagjaival.<\/li>\n<li>Partnermin\u0151s\u00edt\u00e9s: Adjon visszajelz\u00e9st a partnerek szolg\u00e1ltat\u00e1sair\u00f3l.<\/li>\n<li>Fot\u00f3gal\u00e9ria \u00e9s \u00e9l\u0151 n\u00e9zet: Vizu\u00e1lis betekint\u00e9s a helysz\u00ednekbe, tev\u00e9kenys\u00e9gekbe.<\/li>\n<li>Nemzetk\u00f6zi id\u0151j\u00e1r\u00e1s \u00e9s k\u00f6zleked\u00e9si inform\u00e1ci\u00f3k: T\u00e1j\u00e9koz\u00f3djon a legfrissebb utaz\u00e1si h\u00edrekr\u0151l.<\/li>\n<\/ul>\n<p>[\/vc_column_text]\n\n        <div class=\" features-box text-center\">\n                <img loading=\"lazy\" decoding=\"async\" width=\"104\" height=\"96\" src=\"https:\/\/bee-ecosystem.io\/wp-content\/uploads\/2024\/07\/Bee-Site-Icon.png\" class=\"img-responsive\" alt=\"\" \/>                <h5>Csatlakozzon a Bee-dApp Markethez m\u00e9g ma, \u00e9s legyen r\u00e9szese egy fenntarthat\u00f3s\u00e1gon alapul\u00f3, innovat\u00edv k\u00f6z\u00f6ss\u00e9gnek!<\/h5>\n        <p><\/p>\n<ul class=\"btns\">\n<li><a class=\"btn btn-sm\" href=\"https:\/\/bee-cash.io\/login\" target=\"_blank\" rel=\"noopener\">Csatlakozom<\/a><\/li>\n<li><a href=\"#\"><em class=\"fa fa-linux\">lin<\/em><\/a><a href=\"#\"><em class=\"fa fa-apple\">ios<\/em><\/a><a href=\"#\"><em class=\"fa fa-android\">android<\/em><\/a><a href=\"#\"><em class=\"fa fa-windows\">windows<\/em><\/a><\/li>\n<\/ul>\n<p><\/p>\n    <\/div>\n    \n\n    <div class=\"has-carousel testi-carousel animated\" data-animate=\"fadeInUp\" data-delay=\".2\" data-items=\"3\" data-dots=\"true\" data-navs=\"false\">\n            <\/div>\n\n[\/vc_column][\/vc_row]<\/p>\n<\/div>","protected":false},"excerpt":{"rendered":"<p>[vc_row css=&#8221;.vc_custom_1721332089121{padding-top: 55px !important;}&#8221;][vc_column][vc_column_text css=&#8221;.vc_custom_1728634802518{padding-bottom: 55px !important;}&#8221; el_class=&#8221;text-block&#8221;] Bee-Ecosystem megold\u00e1sok A Bee-Ecosystem 4 nagyobb ter\u00fcletre koncentr\u00e1l: Bee-HOME: Megfizethet\u0151 \u00e9s fenntarthat\u00f3 lakhat\u00e1s Innovat\u00edv lakhat\u00e1si megold\u00e1sok. Modul\u00e1ris h\u00e1zak, el\u0151regy\u00e1rtott h\u00e1zak, falpanel technol\u00f3gia \u00e9s gurul\u00f3 Tiny House-ok. Cohousing k\u00f6z\u00f6ss\u00e9gek. K\u00f6z\u00f6ss\u00e9gi lakhat\u00e1s hasonl\u00f3an gondolkod\u00f3 egy\u00e9nek sz\u00e1m\u00e1ra. Mobilit\u00e1s. V\u00e1ltson k\u00f6nnyed\u00e9n a lak\u00e1sok k\u00f6z\u00f6tt \u00faj szerz\u0151d\u00e9sek vagy kauci\u00f3 n\u00e9lk\u00fcl az alkalmaz\u00e1sunk [&hellip;]<\/p>\n","protected":false},"author":1,"featured_media":0,"parent":0,"menu_order":0,"comment_status":"closed","ping_status":"closed","template":"page-templates\/template-fullwidth.php","meta":{"footnotes":""},"class_list":["post-763","page","type-page","status-publish","hentry"],"_links":{"self":[{"href":"https:\/\/bee-ecosystem.io\/hu\/wp-json\/wp\/v2\/pages\/763","targetHints":{"allow":["GET"]}}],"collection":[{"href":"https:\/\/bee-ecosystem.io\/hu\/wp-json\/wp\/v2\/pages"}],"about":[{"href":"https:\/\/bee-ecosystem.io\/hu\/wp-json\/wp\/v2\/types\/page"}],"author":[{"embeddable":true,"href":"https:\/\/bee-ecosystem.io\/hu\/wp-json\/wp\/v2\/users\/1"}],"replies":[{"embeddable":true,"href":"https:\/\/bee-ecosystem.io\/hu\/wp-json\/wp\/v2\/comments?post=763"}],"version-history":[{"count":35,"href":"https:\/\/bee-ecosystem.io\/hu\/wp-json\/wp\/v2\/pages\/763\/revisions"}],"predecessor-version":[{"id":1656,"href":"https:\/\/bee-ecosystem.io\/hu\/wp-json\/wp\/v2\/pages\/763\/revisions\/1656"}],"wp:attachment":[{"href":"https:\/\/bee-ecosystem.io\/hu\/wp-json\/wp\/v2\/media?parent=763"}],"curies":[{"name":"wp","href":"https:\/\/api.w.org\/{rel}","templated":true}]}}