{"id":633,"date":"2024-07-11T19:44:20","date_gmt":"2024-07-11T19:44:20","guid":{"rendered":"https:\/\/bee-ecosystem.io\/?page_id=633"},"modified":"2025-09-16T10:51:09","modified_gmt":"2025-09-16T10:51:09","slug":"more-team-members","status":"publish","type":"page","link":"https:\/\/bee-ecosystem.io\/hu\/more-team-members\/","title":{"rendered":"Tov\u00e1bbi csapattagok"},"content":{"rendered":"<div class=\"wpb-content-wrapper\"><p>[vc_row css_animation=&#8221;none&#8221; el_class=&#8221;section-pad no-pb section-bg-alt section-fix&#8221; el_id=&#8221;team&#8221;][vc_column][vc_row_inner][vc_column_inner width=&#8221;1\/2&#8243; offset=&#8221;vc_col-md-3&#8243;]\n        <div class=\"team-member\">\n        <div class=\"team-photo\">\n            <img loading=\"lazy\" decoding=\"async\" width=\"104\" height=\"96\" src=\"https:\/\/bee-ecosystem.io\/wp-content\/uploads\/2024\/07\/Bee-Site-Icon.png\" class=\"img-responsive\" alt=\"\" \/>            <span data-mfp-src=\"https:\/\/bee-ecosystem.io\/hu\/team\/jozsef-karpati\/\" class=\"expand-trigger content-popup\">        <\/div>\n        <div class=\"team-info\">\n            <h5 class=\"team-name\">J\u00f3zsef K\u00e1rp\u00e1ti<\/h5>\n            <span class=\"team-title\">Bee-Home, Sustainable Architecture and Program Ambassador<\/span>\n                        <ul class=\"team-social\">\n                                <li><a target=\"_blank\" href=\"https:\/\/www.facebook.com\/profile.php?id=100087306843815\" rel=\"noopener\"><em class=\"fab fa-facebook-f\"><\/em><\/a><\/li>\n                                <li><a target=\"_blank\" href=\"https:\/\/www.linkedin.com\/in\/jozsefkarpati\/\" rel=\"noopener\"><em class=\"fab fa-linkedin\"><\/em><\/a><\/li>\n                                <li><a target=\"_blank\" href=\"https:\/\/www.youtube.com\/@kj219534\/videos\" rel=\"noopener\"><em class=\"fab fa-youtube\"><\/em><\/a><\/li>\n                            <\/ul>\n                    <\/div>\n    <\/div>\n    \n[\/vc_column_inner][vc_column_inner width=&#8221;1\/2&#8243; offset=&#8221;vc_hidden-lg vc_col-md-3 vc_hidden-md vc_hidden-sm vc_hidden-xs&#8221;]\n        <div class=\"team-member\">\n        <div class=\"team-photo\">\n            <img loading=\"lazy\" decoding=\"async\" width=\"104\" height=\"96\" src=\"https:\/\/bee-ecosystem.io\/wp-content\/uploads\/2024\/07\/Bee-Site-Icon.png\" class=\"img-responsive\" alt=\"\" \/>            <span data-mfp-src=\"https:\/\/bee-ecosystem.io\/hu\/team\/kornelia-budai\/\" class=\"expand-trigger content-popup\">        <\/div>\n        <div class=\"team-info\">\n            <h5 class=\"team-name\">Korn\u00e9lia Budai<\/h5>\n            <span class=\"team-title\">Bee-Ecosystem, Network Development, Regional Director (Benelux States)<\/span>\n                        <ul class=\"team-social\">\n                                <li><a target=\"_blank\" href=\"https:\/\/www.facebook.com\/bkornelia\" rel=\"noopener\"><em class=\"fab fa-facebook-f\"><\/em><\/a><\/li>\n                            <\/ul>\n                    <\/div>\n    <\/div>\n    \n[\/vc_column_inner][vc_column_inner width=&#8221;1\/2&#8243; offset=&#8221;vc_col-md-3&#8243;]\n        <div class=\"team-member\">\n        <div class=\"team-photo\">\n            <img loading=\"lazy\" decoding=\"async\" width=\"240\" height=\"240\" src=\"https:\/\/bee-ecosystem.io\/wp-content\/uploads\/2024\/07\/bee-ecosystem-team-member-mario-murkl-bw.jpg\" class=\"img-responsive\" alt=\"\" srcset=\"https:\/\/bee-ecosystem.io\/wp-content\/uploads\/2024\/07\/bee-ecosystem-team-member-mario-murkl-bw.jpg 240w, https:\/\/bee-ecosystem.io\/wp-content\/uploads\/2024\/07\/bee-ecosystem-team-member-mario-murkl-bw-150x150.jpg 150w\" sizes=\"auto, (max-width: 240px) 100vw, 240px\" \/>            <span data-mfp-src=\"https:\/\/bee-ecosystem.io\/hu\/team\/mario-murkl\/\" class=\"expand-trigger content-popup\">        <\/div>\n        <div class=\"team-info\">\n            <h5 class=\"team-name\">M\u00e1ri\u00f3 M\u00fcrkl<\/h5>\n            <span class=\"team-title\">Bee-Ecosystem VFX, Lead Visual Designer<\/span>\n                        <ul class=\"team-social\">\n                                <li><a target=\"_blank\" href=\"https:\/\/www.facebook.com\/share\/FYKcUVojhzSvnmCQ\/?mibextid=LQQJ4d\" rel=\"noopener\"><em class=\"fab fa-facebook-f\"><\/em><\/a><\/li>\n                                <li><a target=\"_blank\" href=\"https:\/\/youtube.com\/@murklmario9084?si=JuYA_mA8bc5shjpV\" rel=\"noopener\"><em class=\"fab fa-youtube\"><\/em><\/a><\/li>\n                            <\/ul>\n                    <\/div>\n    <\/div>\n    \n[\/vc_column_inner][vc_column_inner width=&#8221;1\/2&#8243; offset=&#8221;vc_col-md-3&#8243;]\n        <div class=\"team-member\">\n        <div class=\"team-photo\">\n            <img loading=\"lazy\" decoding=\"async\" width=\"240\" height=\"240\" src=\"https:\/\/bee-ecosystem.io\/wp-content\/uploads\/2024\/07\/bee-ecosystem-team-member-janos-juhasz-bw.jpg\" class=\"img-responsive\" alt=\"\" srcset=\"https:\/\/bee-ecosystem.io\/wp-content\/uploads\/2024\/07\/bee-ecosystem-team-member-janos-juhasz-bw.jpg 240w, https:\/\/bee-ecosystem.io\/wp-content\/uploads\/2024\/07\/bee-ecosystem-team-member-janos-juhasz-bw-150x150.jpg 150w\" sizes=\"auto, (max-width: 240px) 100vw, 240px\" \/>            <span data-mfp-src=\"https:\/\/bee-ecosystem.io\/hu\/team\/janos-juhasz\/\" class=\"expand-trigger content-popup\">        <\/div>\n        <div class=\"team-info\">\n            <h5 class=\"team-name\">J\u00e1nos Juh\u00e1sz<\/h5>\n            <span class=\"team-title\">Bee-Home, Housing Ecosystem Construction General Contractor<\/span>\n                        <ul class=\"team-social\">\n                                <li><a target=\"_blank\" href=\"#\"><em class=\"fab fa-facebook-f\"><\/em><\/a><\/li>\n                                <li><a target=\"_blank\" href=\"#\"><em class=\"fab fa-linkedin\"><\/em><\/a><\/li>\n                            <\/ul>\n                    <\/div>\n    <\/div>\n    \n[\/vc_column_inner][\/vc_row_inner][\/vc_column][\/vc_row][vc_row css_animation=&#8221;none&#8221; el_class=&#8221;section-pad no-pb section-bg-alt section-fix&#8221;][vc_column][vc_row_inner][vc_column_inner width=&#8221;1\/2&#8243; offset=&#8221;vc_hidden-lg vc_col-md-3 vc_hidden-md vc_hidden-sm vc_hidden-xs&#8221;]\n        <div class=\"team-member\">\n        <div class=\"team-photo\">\n            <img loading=\"lazy\" decoding=\"async\" width=\"240\" height=\"240\" src=\"https:\/\/bee-ecosystem.io\/wp-content\/uploads\/2024\/07\/bee-ecosystem-team-member-lajta-brigitta-bw.jpg\" class=\"img-responsive\" alt=\"\" srcset=\"https:\/\/bee-ecosystem.io\/wp-content\/uploads\/2024\/07\/bee-ecosystem-team-member-lajta-brigitta-bw.jpg 240w, https:\/\/bee-ecosystem.io\/wp-content\/uploads\/2024\/07\/bee-ecosystem-team-member-lajta-brigitta-bw-150x150.jpg 150w\" sizes=\"auto, (max-width: 240px) 100vw, 240px\" \/>            <span data-mfp-src=\"https:\/\/bee-ecosystem.io\/hu\/team\/brigitta-lajta\/\" class=\"expand-trigger content-popup\">        <\/div>\n        <div class=\"team-info\">\n            <h5 class=\"team-name\">Brigitta Lajta<\/h5>\n            <span class=\"team-title\">Bee-Home, Self-sufficiency Expert<\/span>\n                        <ul class=\"team-social\">\n                                <li><a target=\"_blank\" href=\"#\"><em class=\"fab fa-linkedin\"><\/em><\/a><\/li>\n                            <\/ul>\n                    <\/div>\n    <\/div>\n    \n[\/vc_column_inner][vc_column_inner width=&#8221;1\/2&#8243; offset=&#8221;vc_hidden-lg vc_col-md-3 vc_hidden-md vc_hidden-sm vc_hidden-xs&#8221;]\n        <div class=\"team-member\">\n        <div class=\"team-photo\">\n            <img loading=\"lazy\" decoding=\"async\" width=\"240\" height=\"240\" src=\"https:\/\/bee-ecosystem.io\/wp-content\/uploads\/2024\/07\/bee-ecosystem-team-member-ferenc-szeleczki-bw.jpg\" class=\"img-responsive\" alt=\"\" srcset=\"https:\/\/bee-ecosystem.io\/wp-content\/uploads\/2024\/07\/bee-ecosystem-team-member-ferenc-szeleczki-bw.jpg 240w, https:\/\/bee-ecosystem.io\/wp-content\/uploads\/2024\/07\/bee-ecosystem-team-member-ferenc-szeleczki-bw-150x150.jpg 150w\" sizes=\"auto, (max-width: 240px) 100vw, 240px\" \/>            <span data-mfp-src=\"https:\/\/bee-ecosystem.io\/hu\/team\/ferenc-szeleczki\/\" class=\"expand-trigger content-popup\">        <\/div>\n        <div class=\"team-info\">\n            <h5 class=\"team-name\">Ferenc Szeleczki<\/h5>\n            <span class=\"team-title\">Bee-Ecosystem, Organisational Development and Cooperative Liaison Officer<\/span>\n                        <ul class=\"team-social\">\n                                <li><a target=\"_blank\" href=\"https:\/\/www.facebook.com\/ferenc.szeleczki\" rel=\"noopener\"><em class=\"fab fa-facebook-f\"><\/em><\/a><\/li>\n                            <\/ul>\n                    <\/div>\n    <\/div>\n    \n[\/vc_column_inner][vc_column_inner width=&#8221;1\/2&#8243; offset=&#8221;vc_hidden-lg vc_col-md-3 vc_hidden-md vc_hidden-sm vc_hidden-xs&#8221;]\n        <div class=\"team-member\">\n        <div class=\"team-photo\">\n            <img loading=\"lazy\" decoding=\"async\" width=\"240\" height=\"240\" src=\"https:\/\/bee-ecosystem.io\/wp-content\/uploads\/2024\/07\/bee-ecosystem-team-member-lajos-tolnai-bw.jpg\" class=\"img-responsive\" alt=\"\" srcset=\"https:\/\/bee-ecosystem.io\/wp-content\/uploads\/2024\/07\/bee-ecosystem-team-member-lajos-tolnai-bw.jpg 240w, https:\/\/bee-ecosystem.io\/wp-content\/uploads\/2024\/07\/bee-ecosystem-team-member-lajos-tolnai-bw-150x150.jpg 150w\" sizes=\"auto, (max-width: 240px) 100vw, 240px\" \/>            <span data-mfp-src=\"https:\/\/bee-ecosystem.io\/hu\/team\/lajos-tolnai\/\" class=\"expand-trigger content-popup\">        <\/div>\n        <div class=\"team-info\">\n            <h5 class=\"team-name\">Lajos Tolnai<\/h5>\n            <span class=\"team-title\">Bee-Home, Housing Unit Installation Expert<\/span>\n                        <ul class=\"team-social\">\n                                <li><a target=\"_blank\" href=\"#\"><em class=\"fab fa-facebook-f\"><\/em><\/a><\/li>\n                                <li><a target=\"_blank\" href=\"#\"><em class=\"fab fa-linkedin\"><\/em><\/a><\/li>\n                            <\/ul>\n                    <\/div>\n    <\/div>\n    \n[\/vc_column_inner][vc_column_inner width=&#8221;1\/2&#8243; offset=&#8221;vc_hidden-lg vc_col-md-3 vc_hidden-md vc_hidden-sm vc_hidden-xs&#8221;]\n        <div class=\"team-member\">\n        <div class=\"team-photo\">\n            <img loading=\"lazy\" decoding=\"async\" width=\"240\" height=\"240\" src=\"https:\/\/bee-ecosystem.io\/wp-content\/uploads\/2024\/07\/bee-ecosystem-team-member-zsolt-pasztor-bw.jpg\" class=\"img-responsive\" alt=\"\" srcset=\"https:\/\/bee-ecosystem.io\/wp-content\/uploads\/2024\/07\/bee-ecosystem-team-member-zsolt-pasztor-bw.jpg 240w, https:\/\/bee-ecosystem.io\/wp-content\/uploads\/2024\/07\/bee-ecosystem-team-member-zsolt-pasztor-bw-150x150.jpg 150w\" sizes=\"auto, (max-width: 240px) 100vw, 240px\" \/>            <span data-mfp-src=\"https:\/\/bee-ecosystem.io\/hu\/team\/zsolt-pasztor\/\" class=\"expand-trigger content-popup\">        <\/div>\n        <div class=\"team-info\">\n            <h5 class=\"team-name\">Zsolt P\u00e1sztor<\/h5>\n            <span class=\"team-title\">Bee-Home, Project Manager for Sustainable Housing Solutions<\/span>\n                        <ul class=\"team-social\">\n                                <li><a target=\"_blank\" href=\"#\"><em class=\"fab fa-facebook-f\"><\/em><\/a><\/li>\n                                <li><a target=\"_blank\" href=\"#\"><em class=\"fab fa-linkedin\"><\/em><\/a><\/li>\n                            <\/ul>\n                    <\/div>\n    <\/div>\n    \n[\/vc_column_inner][\/vc_row_inner][\/vc_column][\/vc_row][vc_row css_animation=&#8221;none&#8221; el_class=&#8221;section-pad no-pb section-bg-alt section-fix&#8221;][vc_column][vc_row_inner][vc_column_inner width=&#8221;1\/2&#8243; offset=&#8221;vc_hidden-lg vc_col-md-3 vc_hidden-md vc_hidden-sm vc_hidden-xs&#8221;]\n        <div class=\"team-member\">\n        <div class=\"team-photo\">\n            <img loading=\"lazy\" decoding=\"async\" width=\"104\" height=\"96\" src=\"https:\/\/bee-ecosystem.io\/wp-content\/uploads\/2024\/07\/Bee-Site-Icon.png\" class=\"img-responsive\" alt=\"\" \/>            <span data-mfp-src=\"https:\/\/bee-ecosystem.io\/hu\/team\/zoltan-pukansky\/\" class=\"expand-trigger content-popup\">        <\/div>\n        <div class=\"team-info\">\n            <h5 class=\"team-name\">Zolt\u00e1n Pukansky<\/h5>\n            <span class=\"team-title\">Bee-Holiday, Project Manager for the Dominican Republic Branch of Bee-Holiday<\/span>\n                        <ul class=\"team-social\">\n                                <li><a target=\"_blank\" href=\"#\"><em class=\"fab fa-linkedin\"><\/em><\/a><\/li>\n                            <\/ul>\n                    <\/div>\n    <\/div>\n    \n[\/vc_column_inner][vc_column_inner width=&#8221;1\/2&#8243; offset=&#8221;vc_hidden-lg vc_col-md-3 vc_hidden-md vc_hidden-sm vc_hidden-xs&#8221;]\n        <div class=\"team-member\">\n        <div class=\"team-photo\">\n            <img loading=\"lazy\" decoding=\"async\" width=\"104\" height=\"96\" src=\"https:\/\/bee-ecosystem.io\/wp-content\/uploads\/2024\/07\/Bee-Site-Icon.png\" class=\"img-responsive\" alt=\"\" \/>            <span data-mfp-src=\"https:\/\/bee-ecosystem.io\/hu\/team\/andrea-kovacs\/\" class=\"expand-trigger content-popup\">        <\/div>\n        <div class=\"team-info\">\n            <h5 class=\"team-name\">Andrea Kov\u00e1cs<\/h5>\n            <span class=\"team-title\">Bee-Health, Pioneer of Innovative Physical Medicine and Acclaimed Expert in Bioenergetics<\/span>\n                        <ul class=\"team-social\">\n                                <li><a target=\"_blank\" href=\"#\"><em class=\"fab fa-facebook-f\"><\/em><\/a><\/li>\n                                <li><a target=\"_blank\" href=\"#\"><em class=\"fab fa-linkedin\"><\/em><\/a><\/li>\n                            <\/ul>\n                    <\/div>\n    <\/div>\n    \n[\/vc_column_inner][vc_column_inner width=&#8221;1\/2&#8243; offset=&#8221;vc_hidden-lg vc_col-md-3 vc_hidden-md vc_hidden-sm vc_hidden-xs&#8221;]\n        <div class=\"team-member\">\n        <div class=\"team-photo\">\n            <img loading=\"lazy\" decoding=\"async\" width=\"240\" height=\"240\" src=\"https:\/\/bee-ecosystem.io\/wp-content\/uploads\/2024\/07\/bee-ecosystem-team-member-gyongyike-kristyan-bw.jpg\" class=\"img-responsive\" alt=\"\" srcset=\"https:\/\/bee-ecosystem.io\/wp-content\/uploads\/2024\/07\/bee-ecosystem-team-member-gyongyike-kristyan-bw.jpg 240w, https:\/\/bee-ecosystem.io\/wp-content\/uploads\/2024\/07\/bee-ecosystem-team-member-gyongyike-kristyan-bw-150x150.jpg 150w\" sizes=\"auto, (max-width: 240px) 100vw, 240px\" \/>            <span data-mfp-src=\"https:\/\/bee-ecosystem.io\/hu\/team\/gyongyike-kristyan\/\" class=\"expand-trigger content-popup\">        <\/div>\n        <div class=\"team-info\">\n            <h5 class=\"team-name\">Gy\u00f6ngyike Kristy\u00e1n<\/h5>\n            <span class=\"team-title\">Bee-Health, Recognised practitioner in the field of therapeutic massage and psychic medicine<\/span>\n                        <ul class=\"team-social\">\n                                <li><a target=\"_blank\" href=\"#\"><em class=\"fab fa-facebook-f\"><\/em><\/a><\/li>\n                                <li><a target=\"_blank\" href=\"#\"><em class=\"fab fa-linkedin\"><\/em><\/a><\/li>\n                            <\/ul>\n                    <\/div>\n    <\/div>\n    \n[\/vc_column_inner][vc_column_inner width=&#8221;1\/2&#8243; offset=&#8221;vc_hidden-lg vc_col-md-3 vc_hidden-md vc_hidden-sm vc_hidden-xs&#8221;]\n        <div class=\"team-member\">\n        <div class=\"team-photo\">\n            <img loading=\"lazy\" decoding=\"async\" width=\"104\" height=\"96\" src=\"https:\/\/bee-ecosystem.io\/wp-content\/uploads\/2024\/07\/Bee-Site-Icon.png\" class=\"img-responsive\" alt=\"\" \/>            <span data-mfp-src=\"https:\/\/bee-ecosystem.io\/hu\/team\/elemer-kozma\/\" class=\"expand-trigger content-popup\">        <\/div>\n        <div class=\"team-info\">\n            <h5 class=\"team-name\">Elem\u00e9r Kozma<\/h5>\n            <span class=\"team-title\">Bee-Energy<\/span>\n                        <ul class=\"team-social\">\n                                <li><a target=\"_blank\" href=\"#\"><em class=\"fab fa-linkedin\"><\/em><\/a><\/li>\n                            <\/ul>\n                    <\/div>\n    <\/div>\n    \n[\/vc_column_inner][\/vc_row_inner][\/vc_column][\/vc_row][vc_row css_animation=&#8221;none&#8221; el_class=&#8221;section-pad no-pb section-bg-alt section-fix&#8221; css=&#8221;.vc_custom_1720729993164{padding-bottom: 150px !important;}&#8221;][vc_column][vc_row_inner][vc_column_inner width=&#8221;1\/2&#8243; offset=&#8221;vc_hidden-lg vc_col-md-3 vc_hidden-md vc_hidden-sm vc_hidden-xs&#8221;]\n        <div class=\"team-member\">\n        <div class=\"team-photo\">\n            <img loading=\"lazy\" decoding=\"async\" width=\"104\" height=\"96\" src=\"https:\/\/bee-ecosystem.io\/wp-content\/uploads\/2024\/07\/Bee-Site-Icon.png\" class=\"img-responsive\" alt=\"\" \/>            <span data-mfp-src=\"https:\/\/bee-ecosystem.io\/hu\/team\/tibor-kocsis\/\" class=\"expand-trigger content-popup\">        <\/div>\n        <div class=\"team-info\">\n            <h5 class=\"team-name\">Tibor Kocsis<\/h5>\n            <span class=\"team-title\">Bee-Energy<\/span>\n                        <ul class=\"team-social\">\n                                <li><a target=\"_blank\" href=\"#\"><em class=\"fab fa-facebook-f\"><\/em><\/a><\/li>\n                                <li><a target=\"_blank\" href=\"#\"><em class=\"fab fa-linkedin\"><\/em><\/a><\/li>\n                            <\/ul>\n                    <\/div>\n    <\/div>\n    \n[\/vc_column_inner][vc_column_inner width=&#8221;1\/2&#8243; offset=&#8221;vc_hidden-lg vc_col-md-3 vc_hidden-md vc_hidden-sm vc_hidden-xs&#8221;]\n        <div class=\"team-member\">\n        <div class=\"team-photo\">\n            <img loading=\"lazy\" decoding=\"async\" width=\"240\" height=\"240\" src=\"https:\/\/bee-ecosystem.io\/wp-content\/uploads\/2024\/07\/bee-ecosystem-team-member-zoltan-fenyvesi-bw.jpg\" class=\"img-responsive\" alt=\"\" srcset=\"https:\/\/bee-ecosystem.io\/wp-content\/uploads\/2024\/07\/bee-ecosystem-team-member-zoltan-fenyvesi-bw.jpg 240w, https:\/\/bee-ecosystem.io\/wp-content\/uploads\/2024\/07\/bee-ecosystem-team-member-zoltan-fenyvesi-bw-150x150.jpg 150w\" sizes=\"auto, (max-width: 240px) 100vw, 240px\" \/>            <span data-mfp-src=\"https:\/\/bee-ecosystem.io\/hu\/team\/zoltan-fenyvesi\/\" class=\"expand-trigger content-popup\">        <\/div>\n        <div class=\"team-info\">\n            <h5 class=\"team-name\">Zolt\u00e1n Fenyvesi<\/h5>\n            <span class=\"team-title\">Bee-Energy<\/span>\n                        <ul class=\"team-social\">\n                                <li><a target=\"_blank\" href=\"#\"><em class=\"fab fa-facebook-f\"><\/em><\/a><\/li>\n                                <li><a target=\"_blank\" href=\"#\"><em class=\"fab fa-linkedin\"><\/em><\/a><\/li>\n                            <\/ul>\n                    <\/div>\n    <\/div>\n    \n[\/vc_column_inner][vc_column_inner width=&#8221;1\/2&#8243; offset=&#8221;vc_hidden-lg vc_col-md-3 vc_hidden-md vc_hidden-sm vc_hidden-xs&#8221;]\n        <div class=\"team-member\">\n        <div class=\"team-photo\">\n            <img loading=\"lazy\" decoding=\"async\" width=\"104\" height=\"96\" src=\"https:\/\/bee-ecosystem.io\/wp-content\/uploads\/2024\/07\/Bee-Site-Icon.png\" class=\"img-responsive\" alt=\"\" \/>            <span data-mfp-src=\"https:\/\/bee-ecosystem.io\/hu\/team\/ibolya-toth\/\" class=\"expand-trigger content-popup\">        <\/div>\n        <div class=\"team-info\">\n            <h5 class=\"team-name\">Ibolya T\u00f3th<\/h5>\n            <span class=\"team-title\">Bee-Hive<\/span>\n                        <ul class=\"team-social\">\n                                <li><a target=\"_blank\" href=\"#\"><em class=\"fab fa-facebook-f\"><\/em><\/a><\/li>\n                                <li><a target=\"_blank\" href=\"#\"><em class=\"fab fa-linkedin\"><\/em><\/a><\/li>\n                            <\/ul>\n                    <\/div>\n    <\/div>\n    \n[\/vc_column_inner][vc_column_inner width=&#8221;1\/2&#8243; offset=&#8221;vc_hidden-lg vc_col-md-3 vc_hidden-md vc_hidden-sm vc_hidden-xs&#8221;]\n        <div class=\"team-member\">\n        <div class=\"team-photo\">\n            <img loading=\"lazy\" decoding=\"async\" width=\"240\" height=\"240\" src=\"https:\/\/bee-ecosystem.io\/wp-content\/uploads\/2024\/07\/bee-ecosystem-team-member-katalin-deak-bw.jpg\" class=\"img-responsive\" alt=\"\" srcset=\"https:\/\/bee-ecosystem.io\/wp-content\/uploads\/2024\/07\/bee-ecosystem-team-member-katalin-deak-bw.jpg 240w, https:\/\/bee-ecosystem.io\/wp-content\/uploads\/2024\/07\/bee-ecosystem-team-member-katalin-deak-bw-150x150.jpg 150w\" sizes=\"auto, (max-width: 240px) 100vw, 240px\" \/>                    <\/div>\n        <div class=\"team-info\">\n            <h5 class=\"team-name\">Katalin De\u00e1k<\/h5>\n            <span class=\"team-title\"><\/span>\n                        <ul class=\"team-social\">\n                                <li><a target=\"_blank\" href=\"#\"><em class=\"fab fa-facebook-f\"><\/em><\/a><\/li>\n                                <li><a target=\"_blank\" href=\"#\"><em class=\"fab fa-linkedin\"><\/em><\/a><\/li>\n                            <\/ul>\n                    <\/div>\n    <\/div>\n    \n[\/vc_column_inner][\/vc_row_inner][\/vc_column][\/vc_row][vc_row][vc_column][vc_column_text css_animation=&#8221;fadeInDown&#8221; css=&#8221;.vc_custom_1728563744183{padding-bottom: 55px !important;}&#8221;]<\/p>\n<h6 class=\"sub-heading ucap\"><a href=\"https:\/\/bee-ecosystem.io\/hu\">Vissza a f\u0151oldalra<\/a><\/h6>\n<p>[\/vc_column_text][\/vc_column][\/vc_row]<\/p>\n<\/div>","protected":false},"excerpt":{"rendered":"<p>[vc_row css_animation=&#8221;none&#8221; el_class=&#8221;section-pad no-pb section-bg-alt section-fix&#8221; el_id=&#8221;team&#8221;][vc_column][vc_row_inner][vc_column_inner width=&#8221;1\/2&#8243; offset=&#8221;vc_col-md-3&#8243;][\/vc_column_inner][vc_column_inner width=&#8221;1\/2&#8243; offset=&#8221;vc_hidden-lg vc_col-md-3 vc_hidden-md vc_hidden-sm vc_hidden-xs&#8221;][\/vc_column_inner][vc_column_inner width=&#8221;1\/2&#8243; offset=&#8221;vc_col-md-3&#8243;][\/vc_column_inner][vc_column_inner width=&#8221;1\/2&#8243; offset=&#8221;vc_col-md-3&#8243;][\/vc_column_inner][\/vc_row_inner][\/vc_column][\/vc_row][vc_row css_animation=&#8221;none&#8221; el_class=&#8221;section-pad no-pb section-bg-alt section-fix&#8221;][vc_column][vc_row_inner][vc_column_inner width=&#8221;1\/2&#8243; offset=&#8221;vc_hidden-lg vc_col-md-3 vc_hidden-md vc_hidden-sm vc_hidden-xs&#8221;][\/vc_column_inner][vc_column_inner width=&#8221;1\/2&#8243; offset=&#8221;vc_hidden-lg vc_col-md-3 vc_hidden-md vc_hidden-sm vc_hidden-xs&#8221;][\/vc_column_inner][vc_column_inner width=&#8221;1\/2&#8243; offset=&#8221;vc_hidden-lg vc_col-md-3 vc_hidden-md vc_hidden-sm vc_hidden-xs&#8221;][\/vc_column_inner][vc_column_inner width=&#8221;1\/2&#8243; offset=&#8221;vc_hidden-lg vc_col-md-3 vc_hidden-md vc_hidden-sm vc_hidden-xs&#8221;][\/vc_column_inner][\/vc_row_inner][\/vc_column][\/vc_row][vc_row css_animation=&#8221;none&#8221; el_class=&#8221;section-pad no-pb section-bg-alt section-fix&#8221;][vc_column][vc_row_inner][vc_column_inner width=&#8221;1\/2&#8243; offset=&#8221;vc_hidden-lg [&hellip;]<\/p>\n","protected":false},"author":1,"featured_media":0,"parent":0,"menu_order":0,"comment_status":"closed","ping_status":"closed","template":"page-templates\/template-fullwidth.php","meta":{"footnotes":""},"class_list":["post-633","page","type-page","status-publish","hentry"],"_links":{"self":[{"href":"https:\/\/bee-ecosystem.io\/hu\/wp-json\/wp\/v2\/pages\/633","targetHints":{"allow":["GET"]}}],"collection":[{"href":"https:\/\/bee-ecosystem.io\/hu\/wp-json\/wp\/v2\/pages"}],"about":[{"href":"https:\/\/bee-ecosystem.io\/hu\/wp-json\/wp\/v2\/types\/page"}],"author":[{"embeddable":true,"href":"https:\/\/bee-ecosystem.io\/hu\/wp-json\/wp\/v2\/users\/1"}],"replies":[{"embeddable":true,"href":"https:\/\/bee-ecosystem.io\/hu\/wp-json\/wp\/v2\/comments?post=633"}],"version-history":[{"count":48,"href":"https:\/\/bee-ecosystem.io\/hu\/wp-json\/wp\/v2\/pages\/633\/revisions"}],"predecessor-version":[{"id":2531,"href":"https:\/\/bee-ecosystem.io\/hu\/wp-json\/wp\/v2\/pages\/633\/revisions\/2531"}],"wp:attachment":[{"href":"https:\/\/bee-ecosystem.io\/hu\/wp-json\/wp\/v2\/media?parent=633"}],"curies":[{"name":"wp","href":"https:\/\/api.w.org\/{rel}","templated":true}]}}