{"id":2779,"date":"2025-11-04T11:07:35","date_gmt":"2025-11-04T11:07:35","guid":{"rendered":"https:\/\/bee-ecosystem.io\/hu\/?page_id=2779"},"modified":"2025-11-27T10:58:28","modified_gmt":"2025-11-27T10:58:28","slug":"bee-home-egyedi-hazak-adatlap","status":"publish","type":"page","link":"https:\/\/bee-ecosystem.io\/hu\/bee-home-egyedi-hazak-adatlap\/","title":{"rendered":"bee-home egyedi h\u00e1zak adatlap"},"content":{"rendered":"<div class=\"wpb-content-wrapper\"><p>[vc_row css=&#8221;.vc_custom_1757683904251{padding-top: 85px !important;}&#8221;][vc_column][vc_column_text css=&#8221;.vc_custom_1757686180173{padding-bottom: 15px !important;}&#8221;]<\/p>\n<p style=\"text-align: justify;\">Jelen Ig\u00e9nyfelm\u00e9r\u0151 adatlap kit\u00f6lt\u00e9s\u00e9vel a Megb\u00edz\u00f3 hozz\u00e1j\u00e1rul, hogy Tervez\u0151, (<span style=\"font-family: MADE Evolve Sans Light EVO;\">TIMPANON \u00c9P\u00cdT\u00c9SZ ST\u00daDI\u00d3<\/span> \/ <span style=\"font-family: MADE Evolve Sans Light EVO;\">HARTMANN \u00c9P\u00cdT\u00c9SZ KFT<\/span>), mint a <span style=\"font-family: MADE Evolve Sans Light EVO;\">K\u00e9szh\u00e1z Menedzser Kft.<\/span> (M\u0171szaki Centrum) szerz\u0151d\u00f6tt partnere, felhaszn\u00e1lja azokat az al\u00e1bbi ingatlanra vonatkoz\u00f3 <strong>El\u0151tanulm\u00e1ny<\/strong> elk\u00e9sz\u00edt\u00e9s\u00e9hez.<\/p>\n<p>[\/vc_column_text][\/vc_column][\/vc_row][vc_row css=&#8221;.vc_custom_1764240799840{padding-top: 15px !important;padding-bottom: 15px !important;}&#8221;][vc_column offset=&#8221;vc_hidden-xs&#8221;][vc_column_text css=&#8221;&#8221;]\n<div class=\"ccb-main-widget \" id=\"ccb_app_2782\" data-calc-id=\"2782\"><\/div>\n<p>[\/vc_column_text][\/vc_column][\/vc_row][vc_row css=&#8221;.vc_custom_1764240799840{padding-top: 15px !important;padding-bottom: 15px !important;}&#8221;][vc_column offset=&#8221;vc_hidden-lg vc_hidden-md vc_hidden-sm&#8221;][vc_column_text css=&#8221;&#8221;]\n<div class=\"ccb-main-widget \" id=\"ccb_app_2824\" data-calc-id=\"2824\"><\/div>\n[\/vc_column_text][\/vc_column][\/vc_row][vc_row css=&#8221;.vc_custom_1764240849600{padding-top: 15px !important;padding-bottom: 15px !important;}&#8221;][vc_column][vc_column_text css=&#8221;&#8221;]A <span style=\"font-family: MADE Evolve Sans Bold EVO;\">Bee-Home<\/span> Lakhat\u00e1si Program kiz\u00e1r\u00f3lagos, t\u00f6rv\u00e9nyi v\u00e9delem alatt \u00e1ll\u00f3 szellemi alkot\u00e1s. A Programmal kapcsolatos anyagokat Magyarorsz\u00e1gon a <span style=\"font-family: MADE Evolve Sans Light EVO;\">K\u00e9szh\u00e1z Menedzser Kft.<\/span>, mint a hazai <span style=\"font-family: MADE Evolve Sans Bold EVO;\">Bee-Home<\/span> K\u00f6zponti Integr\u00e1tora \u00e9s Program k\u00e9pviselete \u00edr\u00e1sos beleegyez\u00e9se n\u00e9lk\u00fcl m\u00e1solni, terjeszteni, nyilv\u00e1nosan k\u00f6zz\u00e9tenni, el\u0151adni, illetve egy\u00e9b m\u00f3don felhaszn\u00e1lni tilos!<\/p>\n<p>[\/vc_column_text][\/vc_column][\/vc_row][vc_row][vc_column][vc_text_separator title=&#8221;megj.: k\u00fcls\u0151 hivatkoz\u00e1s&#8221; color=&#8221;purple&#8221; css_animation=&#8221;fadeInDown&#8221; css=&#8221;&#8221;][vc_row_inner css=&#8221;.vc_custom_1762370366796{margin-top: 35px !important;margin-bottom: 10px !important;}&#8221;][vc_column_inner width=&#8221;1\/2&#8243;][vc_message message_box_style=&#8221;solid&#8221; message_box_color=&#8221;mulled_wine&#8221; icon_type=&#8221;pixelicons&#8221; icon_pixelicons=&#8221;vc_pixel_icon vc_pixel_icon-info&#8221; css_animation=&#8221;none&#8221; css=&#8221;&#8221;]A <span style=\"font-family: 'MADE Evolve Sans Bold EVO';\">Bee-Home<\/span> program elind\u00edt\u00e1s\u00e1hoz k\u00e9rem el\u0151sz\u00f6r fogadja el az adatkezel\u00e9si nyilatkozatot az al\u00e1bbi linken.<br \/>\nEz a link egy k\u00fcls\u0151 programot nyit meg (<em><strong>eszerzodes.hu<\/strong><\/em>), ahol digit\u00e1lis al\u00e1\u00edr\u00e1ssal tud megb\u00edz\u00e1st adni sz\u00e1munkra, hogy kiz\u00e1r\u00f3lag a program miatt kezelj\u00fck az adatait.<\/p>\n<p style=\"margin-top: 20px; text-align: left;\"><a style=\"display: inline-block; background-color: #736c7f; color: #efeef0; padding: 12px 12px; text-decoration: none; border-radius: 6px; font-weight: normal; font-size: 12px;\" href=\"https:\/\/www.eszerzodes.hu\/publikus-szerzodes\/821befee4ba72ce35a9c31e1d8f51a8e\" target=\"_blank\" rel=\"noopener\">ADATKEZEL\u00c9SI NYILATKOZAT AL\u00c1\u00cdR\u00c1S\u00c1\u00c9RT K\u00c9REM KATTINTSON IDE<\/a><\/p>\n<p>[\/vc_message][\/vc_column_inner][vc_column_inner width=&#8221;1\/2&#8243;][vc_message message_box_style=&#8221;solid&#8221; message_box_color=&#8221;mulled_wine&#8221; icon_type=&#8221;pixelicons&#8221; icon_pixelicons=&#8221;vc_pixel_icon vc_pixel_icon-info&#8221; css_animation=&#8221;none&#8221; css=&#8221;&#8221;]A m\u00e1sodik l\u00e9p\u00e9s, hogy ugyancsak az <strong><em>eszerzodes.hu<\/em><\/strong> rendszerben megrendelje az &#8222;El\u0151tanulm\u00e1nyt&#8221; ehhez kattintson az al\u00e1bbi gombra:<\/p>\n<p style=\"margin-top: 20px; text-align: left;\"><a style=\"display: inline-block; background-color: #736c7f; color: #efeef0; padding: 12px 12px; text-decoration: none; border-radius: 6px; font-weight: normal; font-size: 12px;\" href=\"https:\/\/www.eszerzodes.hu\/publikus-szerzodes\/586e764c23bdc582c58e37ce94bbc3ed\" target=\"_blank\" rel=\"noopener\">AZ EL\u00d6TANULM\u00c1NY MEGRENDEL\u00c9S\u00c9\u00c9RT KATTINTSON IDE<br \/>\n<\/a><\/p>\n<p>[\/vc_message][\/vc_column_inner][\/vc_row_inner][vc_text_separator title=&#8221;megj.: k\u00fcls\u0151 hivatkoz\u00e1s&#8221; color=&#8221;purple&#8221; css_animation=&#8221;fadeInUp&#8221; css=&#8221;.vc_custom_1761649478546{margin-bottom: 35px !important;}&#8221;][\/vc_column][\/vc_row]<\/p>\n<\/div>","protected":false},"excerpt":{"rendered":"<p>[vc_row css=&#8221;.vc_custom_1757683904251{padding-top: 85px !important;}&#8221;][vc_column][vc_column_text css=&#8221;.vc_custom_1757686180173{padding-bottom: 15px !important;}&#8221;] Jelen Ig\u00e9nyfelm\u00e9r\u0151 adatlap kit\u00f6lt\u00e9s\u00e9vel a Megb\u00edz\u00f3 hozz\u00e1j\u00e1rul, hogy Tervez\u0151, (TIMPANON \u00c9P\u00cdT\u00c9SZ ST\u00daDI\u00d3 \/ HARTMANN \u00c9P\u00cdT\u00c9SZ KFT), mint a K\u00e9szh\u00e1z Menedzser Kft. (M\u0171szaki Centrum) szerz\u0151d\u00f6tt partnere, felhaszn\u00e1lja azokat az al\u00e1bbi ingatlanra vonatkoz\u00f3 El\u0151tanulm\u00e1ny elk\u00e9sz\u00edt\u00e9s\u00e9hez. [\/vc_column_text][\/vc_column][\/vc_row][vc_row css=&#8221;.vc_custom_1764240799840{padding-top: 15px !important;padding-bottom: 15px !important;}&#8221;][vc_column offset=&#8221;vc_hidden-xs&#8221;][vc_column_text css=&#8221;&#8221;] [\/vc_column_text][\/vc_column][\/vc_row][vc_row css=&#8221;.vc_custom_1764240799840{padding-top: 15px !important;padding-bottom: 15px !important;}&#8221;][vc_column offset=&#8221;vc_hidden-lg [&hellip;]<\/p>\n","protected":false},"author":1,"featured_media":0,"parent":0,"menu_order":0,"comment_status":"closed","ping_status":"closed","template":"page-templates\/template-fullwidth.php","meta":{"footnotes":""},"class_list":["post-2779","page","type-page","status-publish","hentry"],"_links":{"self":[{"href":"https:\/\/bee-ecosystem.io\/hu\/wp-json\/wp\/v2\/pages\/2779","targetHints":{"allow":["GET"]}}],"collection":[{"href":"https:\/\/bee-ecosystem.io\/hu\/wp-json\/wp\/v2\/pages"}],"about":[{"href":"https:\/\/bee-ecosystem.io\/hu\/wp-json\/wp\/v2\/types\/page"}],"author":[{"embeddable":true,"href":"https:\/\/bee-ecosystem.io\/hu\/wp-json\/wp\/v2\/users\/1"}],"replies":[{"embeddable":true,"href":"https:\/\/bee-ecosystem.io\/hu\/wp-json\/wp\/v2\/comments?post=2779"}],"version-history":[{"count":9,"href":"https:\/\/bee-ecosystem.io\/hu\/wp-json\/wp\/v2\/pages\/2779\/revisions"}],"predecessor-version":[{"id":2833,"href":"https:\/\/bee-ecosystem.io\/hu\/wp-json\/wp\/v2\/pages\/2779\/revisions\/2833"}],"wp:attachment":[{"href":"https:\/\/bee-ecosystem.io\/hu\/wp-json\/wp\/v2\/media?parent=2779"}],"curies":[{"name":"wp","href":"https:\/\/api.w.org\/{rel}","templated":true}]}}