{"id":2381,"date":"2025-08-04T10:56:31","date_gmt":"2025-08-04T10:56:31","guid":{"rendered":"https:\/\/bee-ecosystem.io\/hu\/?page_id=2381"},"modified":"2025-08-04T11:16:11","modified_gmt":"2025-08-04T11:16:11","slug":"galeria","status":"publish","type":"page","link":"https:\/\/bee-ecosystem.io\/hu\/bee-home\/galeria\/","title":{"rendered":"Gal\u00e9ria"},"content":{"rendered":"<div class=\"wpb-content-wrapper\"><p>[vc_row css=&#8221;.vc_custom_1753869864180{padding-top: 55px !important;}&#8221;][vc_column][vc_column_text css=&#8221;.vc_custom_1754305117930{padding-bottom: 35px !important;}&#8221;]<\/p>\n<h4>Bee-Home Gal\u00e9ria:<\/h4>\n<p>[\/vc_column_text][vc_masonry_media_grid style=&#8221;lazy&#8221; css=&#8221;.vc_custom_1754306163735{margin-bottom: 55px !important;}&#8221; grid_id=&#8221;vc_gid:1754306126101-2df783c2-d98e-4&#8243; include=&#8221;2365,2355,2345,2354,2364,2363,2353,2352,2362,2361,2351,2350,2360,2359,2349,2348,2358,2357,2347,2346,2356&#8243;]\n    <div class=\"btn-element text-center\">\n        <a class=\"btn btn-sm   \" style=\"\" href=\"https:\/\/bee-ecosystem.io\/hu\/bee-home\">Vissza a Bee-HOME T\u00edpustervek oldalra<\/a>\n            <\/div>\n\n[vc_text_separator title=&#8221;K\u00f6sz\u00f6nj\u00fck, hogy ben\u00e9zett gal\u00e9ri\u00e1nkba.&#8221; css=&#8221;.vc_custom_1754305864691{margin-top: 35px !important;margin-bottom: 35px !important;}&#8221;][\/vc_column][\/vc_row]<\/p>\n<\/div>","protected":false},"excerpt":{"rendered":"<p>[vc_row css=&#8221;.vc_custom_1753869864180{padding-top: 55px !important;}&#8221;][vc_column][vc_column_text css=&#8221;.vc_custom_1754305117930{padding-bottom: 35px !important;}&#8221;] Bee-Home Gal\u00e9ria: [\/vc_column_text][vc_masonry_media_grid style=&#8221;lazy&#8221; css=&#8221;.vc_custom_1754306163735{margin-bottom: 55px !important;}&#8221; grid_id=&#8221;vc_gid:1754306126101-2df783c2-d98e-4&#8243; include=&#8221;2365,2355,2345,2354,2364,2363,2353,2352,2362,2361,2351,2350,2360,2359,2349,2348,2358,2357,2347,2346,2356&#8243;][vc_text_separator title=&#8221;K\u00f6sz\u00f6nj\u00fck, hogy ben\u00e9zett gal\u00e9ri\u00e1nkba.&#8221; css=&#8221;.vc_custom_1754305864691{margin-top: 35px !important;margin-bottom: 35px !important;}&#8221;][\/vc_column][\/vc_row]<\/p>\n","protected":false},"author":1,"featured_media":0,"parent":1682,"menu_order":0,"comment_status":"closed","ping_status":"closed","template":"page-templates\/template-fullwidth.php","meta":{"footnotes":""},"class_list":["post-2381","page","type-page","status-publish","hentry"],"_links":{"self":[{"href":"https:\/\/bee-ecosystem.io\/hu\/wp-json\/wp\/v2\/pages\/2381","targetHints":{"allow":["GET"]}}],"collection":[{"href":"https:\/\/bee-ecosystem.io\/hu\/wp-json\/wp\/v2\/pages"}],"about":[{"href":"https:\/\/bee-ecosystem.io\/hu\/wp-json\/wp\/v2\/types\/page"}],"author":[{"embeddable":true,"href":"https:\/\/bee-ecosystem.io\/hu\/wp-json\/wp\/v2\/users\/1"}],"replies":[{"embeddable":true,"href":"https:\/\/bee-ecosystem.io\/hu\/wp-json\/wp\/v2\/comments?post=2381"}],"version-history":[{"count":10,"href":"https:\/\/bee-ecosystem.io\/hu\/wp-json\/wp\/v2\/pages\/2381\/revisions"}],"predecessor-version":[{"id":2392,"href":"https:\/\/bee-ecosystem.io\/hu\/wp-json\/wp\/v2\/pages\/2381\/revisions\/2392"}],"up":[{"embeddable":true,"href":"https:\/\/bee-ecosystem.io\/hu\/wp-json\/wp\/v2\/pages\/1682"}],"wp:attachment":[{"href":"https:\/\/bee-ecosystem.io\/hu\/wp-json\/wp\/v2\/media?parent=2381"}],"curies":[{"name":"wp","href":"https:\/\/api.w.org\/{rel}","templated":true}]}}