{"id":1945,"date":"2024-11-06T10:55:53","date_gmt":"2024-11-06T10:55:53","guid":{"rendered":"https:\/\/bee-ecosystem.io\/hu\/?page_id=1945"},"modified":"2024-11-10T13:47:58","modified_gmt":"2024-11-10T13:47:58","slug":"bee-home-bp-large-family-113","status":"publish","type":"page","link":"https:\/\/bee-ecosystem.io\/hu\/bee-home\/bee-home-bp-large-family-113\/","title":{"rendered":"Bee-HOME BP Large Family 113"},"content":{"rendered":"<div class=\"wpb-content-wrapper\"><p>[vc_row css=&#8221;.vc_custom_1721332089121{padding-top: 55px !important;}&#8221;][vc_column width=&#8221;1\/4&#8243;][vc_single_image image=&#8221;1674&#8243; img_size=&#8221;121&#215;121&#8243; alignment=&#8221;center&#8221; style=&#8221;vc_box_shadow&#8221; css_animation=&#8221;flipInY&#8221; css=&#8221;&#8221;]\n        <div class=\"section-head-s2 text-center\">\n        <h6 class=\"heading-xs animated\" data-animate=\"fadeInUp\" data-delay=\".0\"><\/h6>\n        <h2 class=\"section-title animated\" data-animate=\"fadeInUp\" data-delay=\".1\">BP Large Family 113<\/h2>\n    <\/div>\n    \n[\/vc_column][vc_column width=&#8221;3\/4&#8243;][vc_text_separator title=&#8221;Bee-HOME b\u00e9rlak\u00e1s program (futamid\u0151 v\u00e9g\u00e9n tulajdonba ker\u00fcl)&#8221; color=&#8221;purple&#8221; style=&#8221;shadow&#8221; css_animation=&#8221;lightSpeedIn&#8221; css=&#8221;.vc_custom_1730364202903{padding-top: 75px !important;padding-bottom: 20px !important;}&#8221;][\/vc_column][\/vc_row][vc_row][vc_column][vc_column_text css=&#8221;.vc_custom_1730895097662{padding-bottom: 35px !important;}&#8221;]<\/p>\n<p style=\"text-align: justify;\">Lak\u00f3egys\u00e9geink k\u00f6z\u00fcl a <strong>Large<\/strong> kateg\u00f3ri\u00e1ba tartoz\u00f3 <span style=\"font-family: MADE Evolve Sans Bold EVO;\">113 m<sup>2<\/sup><\/span> -es 4+1 szob\u00e1s modell\u00fcnk az el\u0151regy\u00e1rtott \u00e9p\u00edt\u00e9si technol\u00f3gi\u00e1nak k\u00f6sz\u00f6nhet\u0151en gyorsan fel\u00e9p\u00edthet\u0151. A helykihaszn\u00e1l\u00e1st tekintve a leghat\u00e9konyabb a hasonl\u00f3 kateg\u00f3ri\u00e1s \u00e9p\u00fcletekhez k\u00e9pest. Az \u00e9p\u00fcletben tal\u00e1lhat\u00f3 h\u00e1rom <span style=\"font-family: MADE Evolve Sans Bold EVO;\">12 m<sup>2<\/sup><\/span> \u00e9s egy <span style=\"font-family: MADE Evolve Sans Bold EVO;\">17 m<sup>2<\/sup><\/span> -es h\u00e1l\u00f3szoba, \u00e9s a <span style=\"font-family: MADE Evolve Sans Bold EVO;\">27 m<sup>2<\/sup><\/span> -es amerikai konyh\u00e1s nappali, valamint f\u00fcrd\u0151szoba. Ide\u00e1lis az \u00e9letkezd\u0151knek, de nagyobb csal\u00e1dok sz\u00e1m\u00e1ra is k\u00e9nyelmes lakhat\u00e1st biztos\u00edt. Ig\u00e9ny eset\u00e9n akad\u00e1lymentes\u00edtve is \u00e9p\u00edthet\u0151.<\/p>\n<p>[\/vc_column_text][vc_row_inner][vc_column_inner width=&#8221;1\/2&#8243;][vc_single_image image=&#8221;2049&#8243; img_size=&#8221;large&#8221; alignment=&#8221;center&#8221; style=&#8221;vc_box_rounded&#8221; css=&#8221;&#8221;][\/vc_column_inner][vc_column_inner width=&#8221;1\/2&#8243;][vc_column_text css=&#8221;&#8221; el_class=&#8221;text-block&#8221;]<\/p>\n<ul style=\"list-style-type: square;\">\n<li>Alapter\u00fclet: <strong>113 m<sup>2<\/sup><\/strong><\/li>\n<li>Szob\u00e1k sz\u00e1ma: <strong>4+1<\/strong><\/li>\n<li>B\u00e9rleti jogosults\u00e1g (els\u0151 befizet\u00e9s, ezzel jogosults\u00e1got kap a lakhat\u00e1sra, sorsz\u00e1m): <strong>1.600.000,-Ft<\/strong><\/li>\n<li>\u00d6nkorm\u00e1nyzati, c\u00e9ges t\u00e1mogat\u00e1s, egy\u00e9ni befizet\u00e9s (lak\u00e1stakar\u00e9k, banki hitel, <span style=\"font-family: MADE Evolve Sans Light EVO;\"><span style=\"font-family: MADE Evolve Sans Bold EVO;\">Bee-HOME<\/span><\/span> <span style=\"color: #993366;\">*<\/span> \u00f6ner\u0151k\u00e9pz\u00e9s): <strong>8.191.700,-Ft<\/strong><\/li>\n<li><span style=\"font-size: 18px;\">B\u00e9rleti d\u00edj az els\u0151 \u00e9vben (h\u00f3): <strong>335.000,-Ft<\/strong><\/span><\/li>\n<\/ul>\n<p>[\/vc_column_text]\n        <a href=\"\" class=\"play-btn video-play\">\n        <em class=\"play\"><span><\/span><\/em>\n        <span>Megn\u00e9zem... (felt\u00f6lt\u00e9s alatt)<\/span>        <span>Bee-HOME BP Large Family 113<\/span>    <\/a>\n    \n[\/vc_column_inner][\/vc_row_inner][vc_row_inner css=&#8221;.vc_custom_1730379642281{padding-top: 35px !important;}&#8221;][vc_column_inner width=&#8221;1\/4&#8243;][vc_single_image image=&#8221;2053&#8243; img_size=&#8221;medium&#8221; alignment=&#8221;center&#8221; onclick=&#8221;link_image&#8221; css_animation=&#8221;fadeIn&#8221; css=&#8221;.vc_custom_1731140529254{padding-bottom: 15px !important;}&#8221;][\/vc_column_inner][vc_column_inner width=&#8221;1\/4&#8243;][vc_single_image image=&#8221;2050&#8243; img_size=&#8221;medium&#8221; alignment=&#8221;center&#8221; onclick=&#8221;link_image&#8221; css_animation=&#8221;fadeIn&#8221; css=&#8221;.vc_custom_1731140434372{padding-bottom: 15px !important;}&#8221;][\/vc_column_inner][vc_column_inner width=&#8221;1\/4&#8243;][vc_single_image image=&#8221;2051&#8243; img_size=&#8221;medium&#8221; alignment=&#8221;center&#8221; onclick=&#8221;link_image&#8221; css_animation=&#8221;fadeIn&#8221; css=&#8221;.vc_custom_1731140467991{padding-bottom: 15px !important;}&#8221;][\/vc_column_inner][vc_column_inner width=&#8221;1\/4&#8243;][vc_single_image image=&#8221;2052&#8243; img_size=&#8221;medium&#8221; alignment=&#8221;center&#8221; onclick=&#8221;link_image&#8221; css_animation=&#8221;fadeIn&#8221; css=&#8221;&#8221;][\/vc_column_inner][\/vc_row_inner][vc_column_text css=&#8221;.vc_custom_1730047131379{padding-top: 35px !important;padding-bottom: 35px !important;}&#8221;]<\/p>\n<p style=\"text-align: justify;\">A <span style=\"font-family: MADE Evolve Sans Bold EVO;\">Bee-HOME<\/span> lakhat\u00e1si program l\u00e9nyege, hogy az \u00d6nkorm\u00e1nyzati, vagy c\u00e9ges projektben l\u00e9trehozott lak\u00f3k\u00f6z\u00f6ss\u00e9gekben <strong>120<\/strong> h\u00f3napos id\u0151szakra b\u00e9rlem\u00e9nyt biztos\u00edtson. A futamid\u0151 v\u00e9g\u00e9n az aktu\u00e1lis piaci \u00e1r <span style=\"font-family: MADE Evolve Sans Bold EVO;\">15%<\/span> -a, \u00e9s a telekh\u00e1nyad megv\u00e1s\u00e1rl\u00e1s\u00e1val tulajdonba ker\u00fcl a rendszeresen fizet\u0151 b\u00e9rl\u0151. A projekt c\u00e9lja, hogy l\u00e9trej\u00f6jj\u00f6n egy megfizethet\u0151 lakhat\u00e1si modell.<\/p>\n<p>[\/vc_column_text][vc_column_text css=&#8221;.vc_custom_1730715203780{padding-bottom: 35px !important;}&#8221;]<\/p>\n<p style=\"text-align: justify;\">A bek\u00f6lt\u00f6z\u00e9shez sz\u00fcks\u00e9ges a kateg\u00f3ri\u00e1hoz kapcsol\u00f3d\u00f3 &#8222;Lakhat\u00e1si jogosults\u00e1g&#8221; v\u00e1s\u00e1rl\u00e1sa, ami <strong>20<\/strong> \u00e9ves id\u0151szakra biztos\u00edtja a <span style=\"font-family: MADE Evolve Sans Bold EVO;\">Bee-HOME<\/span> programon bel\u00fcli lakhat\u00e1si jogot (amennyiben nem k\u00edv\u00e1nja megv\u00e1s\u00e1rolni az ingatlant a futamid\u0151 v\u00e9g\u00e9n). A b\u00e9rleti jogosults\u00e1gi id\u0151szakban, amennyiben \u00e1t k\u00edv\u00e1n k\u00f6lt\u00f6zni a b\u00e9rl\u0151 nem kell \u00fajra szerz\u0151dni, csak keres egy \u00fcres, a kateg\u00f3ri\u00e1j\u00e1nak megfelel\u0151 lak\u00f3egys\u00e9get. Tov\u00e1bb\u00e1 befizeti a lak\u00f3egys\u00e9g aktu\u00e1lis piaci \u00e1r\u00e1hoz igaz\u00edtott \u00f6ner\u0151 k\u00fcl\u00f6nb\u00f6zetet, hogy az \u00f6ner\u0151 \u00e9s a m\u00e1r megfizetett lakhat\u00e1si jogosults\u00e1g \u00f6sszege megfeleljen a lak\u00f3egys\u00e9g aktu\u00e1lis piaci \u00e1ra <span style=\"font-family: MADE Evolve Sans Bold EVO;\">30%<\/span>-\u00e1nak. Ez a befizet\u00e9s is belesz\u00e1m\u00edt a k\u00e9s\u0151bbi v\u00e9tel\u00e1rba.<\/p>\n<p>[\/vc_column_text][vc_column_text css=&#8221;.vc_custom_1730365525385{padding-bottom: 35px !important;}&#8221;]<\/p>\n<p style=\"text-align: justify;\"><span style=\"color: #993366;\">*<\/span> <span style=\"font-family: MADE Evolve Sans Bold EVO;\">Bee-HOME<\/span> <strong>\u00f6ner\u0151k\u00e9pz\u00e9si program<\/strong>: egyed\u00fcl\u00e1ll\u00f3 megold\u00e1s azok sz\u00e1m\u00e1ra, akik nem rendelkeznek a bek\u00f6lt\u00f6z\u00e9shez sz\u00fcks\u00e9ges \u00f6ner\u0151vel. Nekik lehet\u0151s\u00e9get biztos\u00edtunk a <span style=\"font-family: MADE Evolve Sans Bold EVO;\">Bee-HOME<\/span> bels\u0151 tokenj\u00e9nek v\u00e1s\u00e1rl\u00e1s\u00e1val t\u00f6rt\u00e9n\u0151 \u00f6ner\u0151k\u00e9pz\u00e9sre. Ennek l\u00e9nyege, hogy a kibocs\u00e1t\u00e1si (diszkont \u00e1r, <strong>0,7$<\/strong>) \u00e1rfolyamon megv\u00e1s\u00e1rolt <span style=\"font-family: MADE Evolve Sans Light EVO;\">Pre-Bee Cash<\/span> -t (<span style=\"font-family: MADE Evolve Sans Light EVO;\">P-BCS<\/span>) a bek\u00f6lt\u00f6z\u00e9sn\u00e9l garant\u00e1lt \u00e1rfolyamon (<strong>1$<\/strong>) sz\u00e1m\u00edtjuk be. Ezzel az indul\u00e1si id\u0151szakban <strong>42%<\/strong> -os b\u00f3nusz \u00e9rhet\u0151 el!<\/p>\n<p>[\/vc_column_text][\/vc_column][\/vc_row][vc_row][vc_column][vc_separator color=&#8221;purple&#8221; css_animation=&#8221;fadeIn&#8221; css=&#8221;&#8221;][\/vc_column][\/vc_row][vc_row css=&#8221;.vc_custom_1730106086757{padding-top: 35px !important;}&#8221;][vc_column width=&#8221;2\/3&#8243;][vc_column_text css=&#8221;&#8221; el_class=&#8221;text-block&#8221;]<\/p>\n<ul style=\"list-style-type: square;\">\n<li>K\u00fcls\u0151 burkolat: <span style=\"font-family: MADE Evolve Sans Light EVO;\">BETOPAN<\/span> falpanel, id\u0151j\u00e1r\u00e1s \u00e1ll\u00f3, <span style=\"font-family: MADE Evolve Sans Light EVO;\">Dryvit<\/span> h\u0151szigetel\u00e9ssel, sz\u00ednezve.<\/li>\n<li>\u00c9p\u00edt\u00e9si magass\u00e1g: <strong>2800<\/strong> <strong>mm<\/strong> szintenk\u00e9nt, maximum <strong>2<\/strong> szintes \u00e9p\u00fclet \u00e9p\u00edtht\u0151,<\/li>\n<li>K\u00fcls\u0151 fal: <span style=\"font-family: MADE Evolve Sans Light EVO;\">BETOPAN<\/span> panel, a lemezek k\u00f6zt <strong>10<\/strong> <strong>cm<\/strong> vastag <span style=\"font-family: MADE Evolve Sans Light EVO;\">EPS<\/span> h\u0151szigetel\u00e9ssel (sz\u00fcks\u00e9g eset\u00e9n tov\u00e1bbbi <strong>15<\/strong> &#8211; <strong>20<\/strong> <strong>cm<\/strong> h\u0151szigetel\u00e9ssel ell\u00e1that\u00f3).<\/li>\n<li>Bels\u0151 fal: <span style=\"font-family: MADE Evolve Sans Light EVO;\">BETOPAN<\/span> panel, a lemezek k\u00f6zt <strong>6<\/strong> <strong>cm<\/strong> vastag <span style=\"font-family: MADE Evolve Sans Light EVO;\">EPS<\/span> h\u0151szigetel\u00e9ssel<\/li>\n<li>Tet\u0151burkolat: festett horganyzott lemez, f\u00e9m cser\u00e9plemez (opcion\u00e1lis), zsindely (opcion\u00e1lis)<\/li>\n<li>K\u00fcls\u0151 ajt\u00f3: h\u0151 \u00e9s hangszigetelt ac\u00e9l biztons\u00e1gi ajt\u00f3,<\/li>\n<li>Bels\u0151 ajt\u00f3: amerikai design ajt\u00f3,<\/li>\n<li>Ablakok: <strong>PVC<\/strong> ablakkeret, <strong>3<\/strong> r\u00e9teg\u0171 h\u0151szigetelt \u00fcvegez\u00e9ssel<\/li>\n<li>Villanyszerel\u00e9s: falba s\u00fcllyesztett, nem l\u00e1tsz\u00f3 kivitelez\u00e9s,<\/li>\n<li>V\u00edzvezet\u00e9k: falba s\u00fcllyesztett, nem l\u00e1tsz\u00f3 kivitelez\u00e9s,<\/li>\n<li>Sarokburkolat: Eszt\u00e9tikus <span style=\"font-family: MADE Evolve Sans Light EVO;\">BETOPAN<\/span> sarokburkolatok.<\/li>\n<\/ul>\n<p>[\/vc_column_text][\/vc_column][vc_column width=&#8221;1\/3&#8243;][vc_single_image image=&#8221;1782&#8243; img_size=&#8221;large&#8221; alignment=&#8221;center&#8221; style=&#8221;vc_box_rounded&#8221; css=&#8221;&#8221;][\/vc_column][\/vc_row][vc_row][vc_column][vc_column_text css=&#8221;&#8221; el_class=&#8221;text-block&#8221;]<\/p>\n<ul style=\"list-style-type: square;\">\n<li style=\"text-align: justify;\"><span style=\"text-decoration: underline;\"><em><strong>4 \u00e9vszakos haszn\u00e1lat<\/strong><\/em><\/span>: a lak\u00f3egys\u00e9gek a <strong>4<\/strong> \u00e9vszakos haszn\u00e1lathoz megfelel\u0151 h\u0151szigetel\u00e9ssel k\u00e9sz\u00fclnek. A <span style=\"font-family: MADE Evolve Sans Light EVO;\">BETOPAN<\/span> falpaneles technol\u00f3gi\u00e1val minden \u00e9ghajlati viszonynak megfelel\u0151 \u00e9p\u00fcletek \u00e9p\u00edthet\u0151k. A gy\u00e1rt\u00e1s az \u00e9p\u00fcletek \u00e9p\u00edt\u00e9si hely\u00e9nek, \u00e9ghajlati jellemz\u0151inek figyelembev\u00e9tel\u00e9vel t\u00f6rt\u00e9nik.<\/li>\n<li style=\"text-align: justify;\"><span style=\"text-decoration: underline;\"><em><strong>\u00c9lettartam<\/strong><\/em><\/span>: az el\u0151regy\u00e1rtott \u00e9p\u00fclet\u00fcnkben a f\u0151 anyag a <span style=\"font-family: MADE Evolve Sans Light EVO;\">BETOPAN<\/span>. A gy\u00e1rt\u00f3 az <span style=\"font-family: MADE Evolve Sans Light EVO;\">Ankara TEPE<\/span> csoport, <strong>50<\/strong> <strong>\u00e9v<\/strong> garanci\u00e1t v\u00e1llal az anyagra a k\u00fcls\u0151 term\u00e9szeti k\u00f6r\u00fclm\u00e9nyek ellen. Az \u00e9p\u00fclet tart\u00f3rendszere \u00e9s minden, a k\u00fcls\u0151 term\u00e9szettel \u00e9rintkez\u0151 f\u00e9mr\u00e9sz horganyzott, hogy k\u00e9sleltesse a korr\u00f3zi\u00f3t. Egy el\u0151regy\u00e1rtott \u00e9p\u00fclet \u00e1tlagos \u00e9lettartama a vasbeton \u00e9p\u00fcletekkel (ak\u00e1r <strong>100<\/strong> <strong>\u00e9v<\/strong>) egyen\u00e9rt\u00e9k\u0171.<\/li>\n<li style=\"text-align: justify;\"><span style=\"text-decoration: underline;\"><em><strong>Biztons\u00e1g<\/strong><\/em><\/span>: az \u00e9rv\u00e9nyes t\u0171z \u00e9s f\u00f6ldreng\u00e9s biztons\u00e1gi el\u0151\u00edr\u00e1soknak megfelel\u0151. Nem szabad elfelejteni, hogy a <span style=\"font-family: MADE Evolve Sans Light EVO;\">BETOPAN<\/span> falpaneles h\u00e1zak f\u00f6ldreng\u00e9s biztos h\u00e1zakk\u00e9nt jelentek meg. Mivel sokkal k\u00f6nnyebb, mint egy vasbeton \u00e9p\u00fclet, \u00e9s a sz\u00e9tszedett r\u00e9szek ac\u00e9lcsavarokkal vannak r\u00f6gz\u00edtve, f\u00f6ldreng\u00e9s eset\u00e9n meghajlik, de nem d\u0151l \u00f6ssze.<\/li>\n<\/ul>\n<p>[\/vc_column_text][vc_separator color=&#8221;purple&#8221; css_animation=&#8221;fadeIn&#8221; css=&#8221;.vc_custom_1730105675874{padding-bottom: 35px !important;}&#8221;][\/vc_column][\/vc_row][vc_row][vc_column]\n        <div class=\"section-head-s2 text-center\">\n        <h6 class=\"heading-xs animated\" data-animate=\"fadeInUp\" data-delay=\".0\">BETOPAN falpaneles lak\u00f3egys\u00e9g<\/h6>\n        <h2 class=\"section-title animated\" data-animate=\"fadeInUp\" data-delay=\".1\">A lak\u00e1sprogramban rendszeres\u00edtett lak\u00f3egys\u00e9gek<\/h2>\n    <\/div>\n    \n[vc_row_inner][vc_column_inner width=&#8221;1\/2&#8243;][vc_column_text css=&#8221;&#8221; el_class=&#8221;text-block&#8221;]<\/p>\n<ul style=\"list-style-type: square;\">\n<li>Lak\u00f3egys\u00e9g m\u00e9rete: <strong>113 m<sup>2<\/sup><\/strong><\/li>\n<li>Szob\u00e1k sz\u00e1ma: <strong>4+1<\/strong><\/li>\n<li>Lakhat\u00e1si jogosults\u00e1g <span style=\"color: #993366;\"><sup>\u2666<\/sup><\/span> : <strong>1.600.000,-Ft<\/strong><\/li>\n<li>\u00d6ner\u0151 (30%, m\u00ednusz a b\u00e9rleti jogosults\u00e1g): <strong>8.191.700,-Ft<\/strong><\/li>\n<li>\u00d6ner\u0151 befizet\u00e9s (lak\u00f3egys\u00e9g \u00e1r\u00e1nak 30%-a): <strong>9.791.700,-Ft<\/strong><\/li>\n<li>B\u00e9rleti futamid\u0151: 12 h\u00f3nap<\/li>\n<li><span style=\"font-size: 18px;\">B\u00e9rleti d\u00edj az els\u0151 \u00e9vben (\/h\u00f3): <strong>335.000,-Ft<\/strong><\/span><\/li>\n<\/ul>\n<p>[\/vc_column_text][vc_column_text css=&#8221;.vc_custom_1730126151195{padding-bottom: 35px !important;}&#8221;]<\/p>\n<p style=\"text-align: justify;\"><span style=\"color: #993366;\"><sup>\u2666<\/sup><\/span> <strong>Lakhat\u00e1si jogosults\u00e1g fogalma<\/strong>: a <span style=\"font-family: MADE Evolve Sans Bold EVO;\">Bee-HOME<\/span> lakhat\u00e1si programban t\u00f6rt\u00e9n\u0151 r\u00e9szv\u00e9tel alapja. A befizet\u00e9ssel jogossult\u00e1 v\u00e1lik a tulajdonosa (<strong>20<\/strong> \u00e9ves id\u0151szakra) a programon bel\u00fcl lak\u00f3egys\u00e9get b\u00e9relni. Az \u00f6sszeg besz\u00e1m\u00edt a v\u00e1s\u00e1rl\u00e1sn\u00e1l a v\u00e9tel\u00e1rba. A jogosult szabadon k\u00f6lt\u00f6zhet a lak\u00f3k\u00f6z\u00f6ss\u00e9gek k\u00f6zt, nem kell \u00fajra szerz\u0151dni, vagy kauci\u00f3t, depositot fizetni.<\/p>\n<p>[\/vc_column_text]\n    <div class=\"btn-element text-center\">\n        <a class=\"btn    \" style=\"\" href=\"#\">\u00c9rdekel...<\/a>\n            <\/div>\n\n[\/vc_column_inner][vc_column_inner width=&#8221;1\/2&#8243;][vc_column_text css=&#8221;&#8221; el_class=&#8221;text-block&#8221;]<\/p>\n<ul style=\"list-style-type: square;\">\n<li>Lak\u00f3egys\u00e9g m\u00e9rete: <strong>113 m<sup>2<\/sup><\/strong><\/li>\n<li>Szob\u00e1k sz\u00e1ma: <strong>4+1<\/strong><\/li>\n<li>\u00d6sszes befizet\u00e9s<span style=\"color: #800080;\"><sup>\u2666<\/sup><\/span>: <strong>58.990.032,-Ft<\/strong><\/li>\n<li>Finansz\u00edroz\u00e1si %<span style=\"color: #800080;\"><sup>\u2666<\/sup><sup>\u2666<\/sup><\/span>: <strong>8,07 %<\/strong><\/li>\n<li>Maradv\u00e1ny \u00e9rt\u00e9k (15%)<span style=\"color: #800080;\"><sup>\u2666<\/sup><sup>\u2666<\/sup><sup>\u2666<\/sup><\/span>: <strong>8.271.436,-Ft<\/strong><\/li>\n<li>Lakb\u00e9r \u00e1tlag (infl\u00e1ci\u00f3s)<span style=\"color: #800080;\"><sup>\u2666<\/sup><sup>\u2666<\/sup><sup>\u2666<\/sup><sup>\u2666<\/sup><\/span>: <strong>418.318,-Ft<\/strong><\/li>\n<li><span style=\"font-size: 18px;\">N\u00e9gyzetm\u00e9terre vet\u00edtett b\u00e9rleti d\u00edj \u00e1tlag<span style=\"color: #800080; font-size: 15px;\"><sup>\u2666<\/sup><sup>\u2666\u2666<\/sup><sup>\u2666<\/sup><sup>\u2666<\/sup><\/span>: <strong>3.702,-Ft<\/strong><\/span><\/li>\n<\/ul>\n<p>[\/vc_column_text][vc_column_text css=&#8221;.vc_custom_1730126885349{padding-bottom: 35px !important;}&#8221;]<\/p>\n<p style=\"text-align: justify;\"><span style=\"color: #800080;\"><sup>\u2666<\/sup><\/span> <strong>\u00d6sszes befizet\u00e9s<\/strong>: a b\u00e9rleti futamid\u0151 alatti \u00f6sszes befizet\u00e9s \u00f6sszege, a kezdeti befizet\u00e9sek, \u00e9s a b\u00e9rleti d\u00edjak \u00f6sszesen.<br \/>\n<span style=\"color: #800080;\"><sup>\u2666\u2666<\/sup><\/span> <strong>Finansz\u00edroz\u00e1si %<\/strong>: a b\u00e9rleti id\u0151szakban kifizetett teljes k\u00f6lts\u00e9g sz\u00e1zal\u00e9kos \u00e9rt\u00e9ke.<br \/>\n<span style=\"color: #800080;\"><sup>\u2666\u2666\u2666<\/sup><\/span> <strong>Maradv\u00e1ny \u00e9rt\u00e9k<\/strong>: a b\u00e9rleti id\u0151szak v\u00e9g\u00e9n ez\u00e9rt az \u00f6sszeg\u00e9rt v\u00e1s\u00e1rolhat\u00f3 meg a lak\u00f3egys\u00e9g.<br \/>\n<span style=\"color: #800080;\"><sup>\u2666\u2666\u2666\u2666<\/sup><\/span> <strong>Lakb\u00e9r \u00e1tlag<\/strong>: a b\u00e9rleti id\u0151szak alatti infl\u00e1ci\u00f3val n\u00f6velt lakb\u00e9r \u00e1tlaga. \u00c1tlagos <strong>3,94%<\/strong> -os \u00e9ves infl\u00e1ci\u00f3val sz\u00e1molva.<br \/>\n<span style=\"color: #800080;\"><sup>\u2666\u2666\u2666\u2666\u2666<\/sup><\/span> <strong>N\u00e9gyzetm\u00e9terre vet\u00edtett b\u00e9rleti d\u00edj \u00e1tlag<\/strong>: a b\u00e9rleti id\u0151szak alatti infl\u00e1ci\u00f3val n\u00f6velt lakb\u00e9r \u00e1tlaga, n\u00e9gyzetm\u00e9terre vet\u00edtve.<\/p>\n<p>[\/vc_column_text][\/vc_column_inner][\/vc_row_inner][\/vc_column][\/vc_row][vc_row css=&#8221;.vc_custom_1730136080843{padding-top: 35px !important;padding-bottom: 35px !important;}&#8221;][vc_column width=&#8221;1\/3&#8243;][\/vc_column][vc_column width=&#8221;1\/3&#8243;]\n        <div class=\"document-item \">\n                    <div class=\"document-img\">\n                <img loading=\"lazy\" decoding=\"async\" width=\"814\" height=\"799\" src=\"https:\/\/bee-ecosystem.io\/wp-content\/uploads\/2024\/10\/bee-ecosystem-blockchain-real-estate-bee-home-logo.png\" class=\"img-responsive\" alt=\"bee-ecosystem-blockchain-real-estate-bee-home-logo\" srcset=\"https:\/\/bee-ecosystem.io\/wp-content\/uploads\/2024\/10\/bee-ecosystem-blockchain-real-estate-bee-home-logo.png 814w, https:\/\/bee-ecosystem.io\/wp-content\/uploads\/2024\/10\/bee-ecosystem-blockchain-real-estate-bee-home-logo-300x294.png 300w, https:\/\/bee-ecosystem.io\/wp-content\/uploads\/2024\/10\/bee-ecosystem-blockchain-real-estate-bee-home-logo-768x754.png 768w\" sizes=\"auto, (max-width: 814px) 100vw, 814px\" \/>                    \n            <\/div>\n               <h6 class=\"document-title\">Bee-HOME BP Large Family 113<\/h6>\n       <ul class=\"document-links\">\n                        <li><a target=\"_blank\" href=\"#\">Let\u00f6lthet\u0151 PDF dokumentum<\/a><\/li>\n                   <\/ul>\n   <\/div>\n   \n[\/vc_column][vc_column width=&#8221;1\/3&#8243;][\/vc_column][\/vc_row]<\/p>\n<\/div>","protected":false},"excerpt":{"rendered":"<p>[vc_row css=&#8221;.vc_custom_1721332089121{padding-top: 55px !important;}&#8221;][vc_column width=&#8221;1\/4&#8243;][vc_single_image image=&#8221;1674&#8243; img_size=&#8221;121&#215;121&#8243; alignment=&#8221;center&#8221; style=&#8221;vc_box_shadow&#8221; css_animation=&#8221;flipInY&#8221; css=&#8221;&#8221;][\/vc_column][vc_column width=&#8221;3\/4&#8243;][vc_text_separator title=&#8221;Bee-HOME b\u00e9rlak\u00e1s program (futamid\u0151 v\u00e9g\u00e9n tulajdonba ker\u00fcl)&#8221; color=&#8221;purple&#8221; style=&#8221;shadow&#8221; css_animation=&#8221;lightSpeedIn&#8221; css=&#8221;.vc_custom_1730364202903{padding-top: 75px !important;padding-bottom: 20px !important;}&#8221;][\/vc_column][\/vc_row][vc_row][vc_column][vc_column_text css=&#8221;.vc_custom_1730895097662{padding-bottom: 35px !important;}&#8221;] Lak\u00f3egys\u00e9geink k\u00f6z\u00fcl a Large kateg\u00f3ri\u00e1ba tartoz\u00f3 113 m2 -es 4+1 szob\u00e1s modell\u00fcnk az el\u0151regy\u00e1rtott \u00e9p\u00edt\u00e9si technol\u00f3gi\u00e1nak k\u00f6sz\u00f6nhet\u0151en gyorsan fel\u00e9p\u00edthet\u0151. A helykihaszn\u00e1l\u00e1st tekintve a leghat\u00e9konyabb a [&hellip;]<\/p>\n","protected":false},"author":1,"featured_media":0,"parent":1682,"menu_order":0,"comment_status":"closed","ping_status":"closed","template":"page-templates\/template-fullwidth.php","meta":{"footnotes":""},"class_list":["post-1945","page","type-page","status-publish","hentry"],"_links":{"self":[{"href":"https:\/\/bee-ecosystem.io\/hu\/wp-json\/wp\/v2\/pages\/1945","targetHints":{"allow":["GET"]}}],"collection":[{"href":"https:\/\/bee-ecosystem.io\/hu\/wp-json\/wp\/v2\/pages"}],"about":[{"href":"https:\/\/bee-ecosystem.io\/hu\/wp-json\/wp\/v2\/types\/page"}],"author":[{"embeddable":true,"href":"https:\/\/bee-ecosystem.io\/hu\/wp-json\/wp\/v2\/users\/1"}],"replies":[{"embeddable":true,"href":"https:\/\/bee-ecosystem.io\/hu\/wp-json\/wp\/v2\/comments?post=1945"}],"version-history":[{"count":17,"href":"https:\/\/bee-ecosystem.io\/hu\/wp-json\/wp\/v2\/pages\/1945\/revisions"}],"predecessor-version":[{"id":2125,"href":"https:\/\/bee-ecosystem.io\/hu\/wp-json\/wp\/v2\/pages\/1945\/revisions\/2125"}],"up":[{"embeddable":true,"href":"https:\/\/bee-ecosystem.io\/hu\/wp-json\/wp\/v2\/pages\/1682"}],"wp:attachment":[{"href":"https:\/\/bee-ecosystem.io\/hu\/wp-json\/wp\/v2\/media?parent=1945"}],"curies":[{"name":"wp","href":"https:\/\/api.w.org\/{rel}","templated":true}]}}