{"id":1682,"date":"2024-10-26T08:37:21","date_gmt":"2024-10-26T08:37:21","guid":{"rendered":"https:\/\/bee-ecosystem.io\/?page_id=1682"},"modified":"2026-02-18T12:35:50","modified_gmt":"2026-02-18T12:35:50","slug":"bee-home","status":"publish","type":"page","link":"https:\/\/bee-ecosystem.io\/hu\/bee-home\/","title":{"rendered":"Bee-HOME"},"content":{"rendered":"<div class=\"wpb-content-wrapper\"><p>[vc_row css=&#8221;.vc_custom_1769766321796{padding-top: 55px !important;}&#8221;][vc_column css=&#8221;.vc_custom_1769768161729{padding-top: 15px !important;padding-bottom: 15px !important;}&#8221; offset=&#8221;vc_col-lg-offset-0 vc_col-lg-3\/5 vc_col-md-offset-0 vc_col-md-4\/5 vc_col-sm-offset-0&#8243;][vc_video link=&#8221;https:\/\/youtu.be\/_VFXSTVt_kw?si=Xbnt2uiCRzPb9XOS&#8221; align=&#8221;center&#8221; css=&#8221;&#8221;][\/vc_column][\/vc_row][vc_row css=&#8221;.vc_custom_1769767676350{padding-top: 15px !important;}&#8221;][vc_column][vc_column_text css=&#8221;.vc_custom_1754305996700{padding-bottom: 35px !important;}&#8221;]<\/p>\n<h4>Bee-HOME T\u00edpustervek:<\/h4>\n<p style=\"text-align: justify;\"><span style=\"font-family: MADE Evolve Sans Bold EVO;\">Bee-HOME<\/span> az \u00e1tfog\u00f3 rendszer alapk\u00f6ve, ami az egyik legfontosabb ig\u00e9nyre, a mindenki sz\u00e1m\u00e1ra el\u00e9rhet\u0151 lakhat\u00e1sra, az otthonteremt\u00e9sre ad konkr\u00e9t megold\u00e1sokat.<\/p>\n<p>[\/vc_column_text][\/vc_column][\/vc_row][vc_row css=&#8221;.vc_custom_1753871650424{margin-top: 25px !important;margin-bottom: 25px !important;}&#8221;][vc_column width=&#8221;1\/5&#8243; css=&#8221;.vc_custom_1753876579828{margin-right: 10px !important;margin-left: 10px !important;}&#8221; time=&#8221;2&#8243;][vc_single_image image=&#8221;2541&#8243; img_size=&#8221;200&#215;145&#8243; add_caption=&#8221;yes&#8221; alignment=&#8221;center&#8221; onclick=&#8221;custom_link&#8221; css_animation=&#8221;flipInX&#8221; css=&#8221;&#8221; link=&#8221;https:\/\/bee-ecosystem.io\/hu\/bee-home\/bee-home-small-40\/&#8221;][vc_column_text css=&#8221;&#8221;]<\/p>\n<p style=\"text-align: center;\"><a href=\"https:\/\/bee-ecosystem.io\/hu\/bee-home\/bee-home-small-40\/\"><span style=\"font-family: MADE Evolve Sans Light EVO; font-size: 17px;\">Small 40<\/span><\/a><\/p>\n<p>[\/vc_column_text][\/vc_column][vc_column width=&#8221;1\/5&#8243; time=&#8221;6&#8243;][vc_single_image image=&#8221;2540&#8243; img_size=&#8221;200&#215;145&#8243; alignment=&#8221;center&#8221; onclick=&#8221;custom_link&#8221; css_animation=&#8221;flipInY&#8221; css=&#8221;&#8221; link=&#8221;https:\/\/bee-ecosystem.io\/hu\/bee-home\/bee-home-medium-60&#8243;][vc_column_text css=&#8221;&#8221;]<\/p>\n<p style=\"text-align: center;\"><a href=\"https:\/\/bee-ecosystem.io\/hu\/bee-home\/bee-home-medium-60\/\"><span style=\"font-family: MADE Evolve Sans Light EVO; font-size: 17px;\">Medium 60<\/span><\/a><\/p>\n<p>[\/vc_column_text][\/vc_column][vc_column width=&#8221;1\/5&#8243; time=&#8221;10&#8243;][vc_single_image image=&#8221;2537&#8243; img_size=&#8221;200&#215;145&#8243; alignment=&#8221;center&#8221; onclick=&#8221;custom_link&#8221; css_animation=&#8221;flipInX&#8221; css=&#8221;&#8221; link=&#8221;https:\/\/bee-ecosystem.io\/hu\/bee-home\/bee-home-large-80\/&#8221;][vc_column_text css=&#8221;&#8221;]<\/p>\n<p style=\"text-align: center;\"><a href=\"https:\/\/bee-ecosystem.io\/hu\/bee-home\/bee-home-large-80\/\"><span style=\"font-family: MADE Evolve Sans Light EVO; font-size: 17px;\">Large 80<\/span><\/a><\/p>\n<p>[\/vc_column_text][\/vc_column][vc_column width=&#8221;1\/5&#8243; time=&#8221;14&#8243;][vc_single_image image=&#8221;2538&#8243; img_size=&#8221;200&#215;145&#8243; alignment=&#8221;center&#8221; onclick=&#8221;custom_link&#8221; css_animation=&#8221;flipInY&#8221; css=&#8221;&#8221; link=&#8221;https:\/\/bee-ecosystem.io\/hu\/bee-home\/bee-home-large-100\/&#8221;][vc_column_text css=&#8221;&#8221;]<\/p>\n<p style=\"text-align: center;\"><a href=\"https:\/\/bee-ecosystem.io\/hu\/bee-home\/bee-home-large-100\/\"><span style=\"font-family: MADE Evolve Sans Light EVO; font-size: 17px;\">Large 100<\/span><\/a><\/p>\n<p>[\/vc_column_text][\/vc_column][vc_column width=&#8221;1\/5&#8243; time=&#8221;18&#8243;][vc_single_image image=&#8221;2539&#8243; img_size=&#8221;200&#215;145&#8243; alignment=&#8221;center&#8221; onclick=&#8221;custom_link&#8221; css_animation=&#8221;flipInX&#8221; css=&#8221;&#8221; link=&#8221;bee-ecosystem.io\/hu\/bee-home\/bee-home-large-family-120\/&#8221;][vc_column_text css=&#8221;&#8221;]<\/p>\n<p style=\"text-align: center;\"><a href=\"https:\/\/bee-ecosystem.io\/hu\/bee-home\/bee-home-large-family-120\/\"><span style=\"font-family: MADE Evolve Sans Light EVO; font-size: 17px;\">Large Family 120<\/span><\/a><\/p>\n<p>[\/vc_column_text][\/vc_column][\/vc_row][vc_row][vc_column animate=&#8221;fadeInDown&#8221;]\n    <div class=\"btn-element text-center\">\n        <a class=\"btn btn-sm   \" style=\"\" href=\"https:\/\/bee-ecosystem.io\/hu\/bee-home-tipushazak-adatlap\/\">Ig\u00e9nyfelm\u00e9r\u0151 adatlap - T\u00edpush\u00e1zak<\/a>\n            <\/div>\n\n[\/vc_column][\/vc_row][vc_row css=&#8221;.vc_custom_1753869864180{padding-top: 55px !important;}&#8221;][vc_column][vc_column_text css=&#8221;.vc_custom_1753875578478{padding-bottom: 35px !important;}&#8221;]<\/p>\n<h4>Egyedi h\u00e1zak:<\/h4>\n<p>\u00daj Otthont szeretne, de a <span style=\"font-family: MADE Evolve Sans Bold EVO;\">Bee-HOME<\/span> T\u00edpush\u00e1zaink k\u00f6z\u00fcl nem tudott v\u00e1lasztani? Akkor \u00d6nnek megtervezz\u00fck, \u00e9s kivitelezz\u00fck az egy\u00e9ni elk\u00e9pzel\u00e9seinek megfelel\u0151 Otthont![\/vc_column_text][\/vc_column][\/vc_row][vc_row][vc_column width=&#8221;1\/2&#8243; css=&#8221;.vc_custom_1771418126530{padding-bottom: 5px !important;}&#8221;]\n    <div class=\"btn-element text-center\">\n        <a class=\"btn btn-sm   btn-outline\" style=\"\" href=\"https:\/\/bee-ecosystem.io\/hu\/bee-home\/egyedi-hazak\/\">Kattintson ide, hogy b\u0151vebben megismerje mit k\u00edn\u00e1lunk!<\/a>\n            <\/div>\n\n[\/vc_column][vc_column width=&#8221;1\/2&#8243;]\n    <div class=\"btn-element text-center\">\n        <a class=\"btn btn-sm   btn-outline\" style=\"\" href=\"#\">K\u00e9rje szak\u00e9rt\u0151 munkat\u00e1rsunk ingyenes konzult\u00e1ci\u00f3j\u00e1t!<\/a>\n            <\/div>\n\n[\/vc_column][\/vc_row][vc_row][vc_column animate=&#8221;fadeInUp&#8221; css=&#8221;.vc_custom_1762365591236{margin-top: 55px !important;margin-bottom: 55px !important;}&#8221;]\n    <div class=\"btn-element text-center\">\n        <a class=\"btn btn-sm   \" style=\"\" href=\"https:\/\/bee-ecosystem.io\/hu\/bee-home-egyedi-hazak-adatlap\/\">Ig\u00e9nyfelm\u00e9r\u0151 adatlap - Egyedi h\u00e1zak<\/a>\n            <\/div>\n\n[\/vc_column][\/vc_row][vc_row][vc_column][vc_text_separator title=&#8221;megj.: k\u00fcls\u0151 hivatkoz\u00e1s&#8221; color=&#8221;purple&#8221; css_animation=&#8221;fadeInDown&#8221; css=&#8221;&#8221;][vc_row_inner css=&#8221;.vc_custom_1762370366796{margin-top: 35px !important;margin-bottom: 10px !important;}&#8221;][vc_column_inner width=&#8221;1\/2&#8243;][vc_message message_box_style=&#8221;solid&#8221; message_box_color=&#8221;mulled_wine&#8221; icon_type=&#8221;pixelicons&#8221; icon_pixelicons=&#8221;vc_pixel_icon vc_pixel_icon-info&#8221; css_animation=&#8221;none&#8221; css=&#8221;&#8221;]A <span style=\"font-family: 'MADE Evolve Sans Bold EVO';\">Bee-Home<\/span> program elind\u00edt\u00e1s\u00e1hoz k\u00e9rem el\u0151sz\u00f6r fogadja el az adatkezel\u00e9si nyilatkozatot az al\u00e1bbi linken.<br \/>\nEz a link egy k\u00fcls\u0151 programot nyit meg (<em><strong>eszerzodes.hu<\/strong><\/em>), ahol digit\u00e1lis al\u00e1\u00edr\u00e1ssal tud megb\u00edz\u00e1st adni sz\u00e1munkra, hogy kiz\u00e1r\u00f3lag a program miatt kezelj\u00fck az adatait.<\/p>\n<p style=\"margin-top: 20px; text-align: left;\"><a style=\"display: inline-block; background-color: #736c7f; color: #efeef0; padding: 12px 12px; text-decoration: none; border-radius: 6px; font-weight: normal; font-size: 12px;\" href=\"https:\/\/www.eszerzodes.hu\/publikus-szerzodes\/821befee4ba72ce35a9c31e1d8f51a8e\" target=\"_blank\" rel=\"noopener\">ADATKEZEL\u00c9SI NYILATKOZAT AL\u00c1\u00cdR\u00c1S\u00c1\u00c9RT K\u00c9REM KATTINTSON IDE<\/a><\/p>\n<p>[\/vc_message][\/vc_column_inner][vc_column_inner width=&#8221;1\/2&#8243;][vc_message message_box_style=&#8221;solid&#8221; message_box_color=&#8221;mulled_wine&#8221; icon_type=&#8221;pixelicons&#8221; icon_pixelicons=&#8221;vc_pixel_icon vc_pixel_icon-info&#8221; css_animation=&#8221;none&#8221; css=&#8221;&#8221;]A m\u00e1sodik l\u00e9p\u00e9s, hogy ugyancsak az <strong><em>eszerzodes.hu<\/em><\/strong> rendszerben megrendelje az &#8222;El\u0151tanulm\u00e1nyt&#8221; ehhez kattintson az al\u00e1bbi gombra:<\/p>\n<p style=\"margin-top: 20px; text-align: left;\"><a style=\"display: inline-block; background-color: #736c7f; color: #efeef0; padding: 12px 12px; text-decoration: none; border-radius: 6px; font-weight: normal; font-size: 12px;\" href=\"https:\/\/www.eszerzodes.hu\/publikus-szerzodes\/586e764c23bdc582c58e37ce94bbc3ed\" target=\"_blank\" rel=\"noopener\">AZ EL\u00d6TANULM\u00c1NY MEGRENDEL\u00c9S\u00c9\u00c9RT KATTINTSON IDE<br \/>\n<\/a><\/p>\n<p>[\/vc_message][\/vc_column_inner][\/vc_row_inner][vc_text_separator title=&#8221;megj.: k\u00fcls\u0151 hivatkoz\u00e1s&#8221; color=&#8221;purple&#8221; css_animation=&#8221;fadeInUp&#8221; css=&#8221;.vc_custom_1761649478546{margin-bottom: 35px !important;}&#8221;][\/vc_column][\/vc_row][vc_row css=&#8221;.vc_custom_1753869864180{padding-top: 55px !important;}&#8221;][vc_column][vc_column_text css=&#8221;.vc_custom_1753876871957{padding-bottom: 35px !important;}&#8221;]<\/p>\n<h4>B\u00e9rlak\u00e1s program:<\/h4>\n<p>-\u200b Alacsony rezsij\u0171, energiatakar\u00e9kos otthonok.<br \/>\n-\u200b Ide\u00e1lis megold\u00e1s fiataloknak, p\u00e1roknak, id\u0151seknek, csal\u00e1doknak.<br \/>\n-\u200b B\u00e9reld a saj\u00e1t otthonod!<br \/>\n-\u200b Egy\u00fcttm\u0171k\u00f6d\u00e9s \u00f6nkorm\u00e1nyzatokkal \u00e9s befektet\u0151kkel.<\/p>\n<p>A b\u00e9rleti d\u00edjak, \u00e9s az \u00e9p\u00edt\u00e9si k\u00f6lts\u00e9gek meredek emelked\u00e9se. Egy \u00e1tlagos ingatlan megszerz\u00e9s\u00e9hez egy csal\u00e1d <strong>15 \u2013 17<\/strong> \u00e9ves j\u00f6vedelme kellene! Haz\u00e1nkban a b\u00e9rek <strong>1\/3<\/strong>-a legal\u00e1bb elmegy a b\u00e9rleti d\u00edjakra, ahol a b\u00e9rl\u0151nek nincs es\u00e9lye tulajdonosk\u00e9nt megjelenni. B\u00e9rlak\u00e1s programunkban a c\u00e9lcsoportjaink, mint az egyed\u00fcl \u00e9l\u0151 \u201e\u00e9letkezd\u0151k\u201d a csal\u00e1dosok, de m\u00e9g ak\u00e1r az \u00e9letteret v\u00e1lt\u00f3k is biztosak lehetnek abban, hogy a b\u00e9rleti konstrukci\u00f3 ideje alatt a saj\u00e1t leend\u0151 otthonukat b\u00e9rlik.<\/p>\n<p>[\/vc_column_text][\/vc_column][\/vc_row]<\/p>\n<\/div>","protected":false},"excerpt":{"rendered":"<p>[vc_row css=&#8221;.vc_custom_1769766321796{padding-top: 55px !important;}&#8221;][vc_column css=&#8221;.vc_custom_1769768161729{padding-top: 15px !important;padding-bottom: 15px !important;}&#8221; offset=&#8221;vc_col-lg-offset-0 vc_col-lg-3\/5 vc_col-md-offset-0 vc_col-md-4\/5 vc_col-sm-offset-0&#8243;][vc_video link=&#8221;https:\/\/youtu.be\/_VFXSTVt_kw?si=Xbnt2uiCRzPb9XOS&#8221; align=&#8221;center&#8221; css=&#8221;&#8221;][\/vc_column][\/vc_row][vc_row css=&#8221;.vc_custom_1769767676350{padding-top: 15px !important;}&#8221;][vc_column][vc_column_text css=&#8221;.vc_custom_1754305996700{padding-bottom: 35px !important;}&#8221;] Bee-HOME T\u00edpustervek: Bee-HOME az \u00e1tfog\u00f3 rendszer alapk\u00f6ve, ami az egyik legfontosabb ig\u00e9nyre, a mindenki sz\u00e1m\u00e1ra el\u00e9rhet\u0151 lakhat\u00e1sra, az otthonteremt\u00e9sre ad konkr\u00e9t megold\u00e1sokat. [\/vc_column_text][\/vc_column][\/vc_row][vc_row css=&#8221;.vc_custom_1753871650424{margin-top: 25px !important;margin-bottom: 25px !important;}&#8221;][vc_column width=&#8221;1\/5&#8243; css=&#8221;.vc_custom_1753876579828{margin-right: 10px !important;margin-left: [&hellip;]<\/p>\n","protected":false},"author":1,"featured_media":0,"parent":0,"menu_order":0,"comment_status":"closed","ping_status":"closed","template":"page-templates\/template-fullwidth.php","meta":{"footnotes":""},"class_list":["post-1682","page","type-page","status-publish","hentry"],"_links":{"self":[{"href":"https:\/\/bee-ecosystem.io\/hu\/wp-json\/wp\/v2\/pages\/1682","targetHints":{"allow":["GET"]}}],"collection":[{"href":"https:\/\/bee-ecosystem.io\/hu\/wp-json\/wp\/v2\/pages"}],"about":[{"href":"https:\/\/bee-ecosystem.io\/hu\/wp-json\/wp\/v2\/types\/page"}],"author":[{"embeddable":true,"href":"https:\/\/bee-ecosystem.io\/hu\/wp-json\/wp\/v2\/users\/1"}],"replies":[{"embeddable":true,"href":"https:\/\/bee-ecosystem.io\/hu\/wp-json\/wp\/v2\/comments?post=1682"}],"version-history":[{"count":182,"href":"https:\/\/bee-ecosystem.io\/hu\/wp-json\/wp\/v2\/pages\/1682\/revisions"}],"predecessor-version":[{"id":2872,"href":"https:\/\/bee-ecosystem.io\/hu\/wp-json\/wp\/v2\/pages\/1682\/revisions\/2872"}],"wp:attachment":[{"href":"https:\/\/bee-ecosystem.io\/hu\/wp-json\/wp\/v2\/media?parent=1682"}],"curies":[{"name":"wp","href":"https:\/\/api.w.org\/{rel}","templated":true}]}}