{"id":1315,"date":"2024-08-21T10:51:04","date_gmt":"2024-08-21T10:51:04","guid":{"rendered":"https:\/\/bee-ecosystem.io\/?page_id=1315"},"modified":"2024-10-26T08:39:06","modified_gmt":"2024-10-26T08:39:06","slug":"bee-point","status":"publish","type":"page","link":"https:\/\/bee-ecosystem.io\/hu\/bee-point\/","title":{"rendered":"Bee-PONT"},"content":{"rendered":"<div class=\"wpb-content-wrapper\"><p>[vc_row css=&#8221;.vc_custom_1721332089121{padding-top: 55px !important;}&#8221;][vc_column][vc_column_text css=&#8221;.vc_custom_1727946078307{padding-top: 55px !important;padding-bottom: 55px !important;}&#8221; el_class=&#8221;text-block&#8221;]<\/p>\n<h4>K\u00f6z\u00f6ss\u00e9gi Pont<\/h4>\n<p class=\"lead\">C\u00e9lunk egy k\u00f6z\u00f6ss\u00e9gi inform\u00e1ci\u00f3s- \u00e9s \u00e9rt\u00e9kes\u00edt\u00e9si ponth\u00e1l\u00f3zat l\u00e9trehoz\u00e1sa, amely k\u00f6z\u00f6ss\u00e9gi pontok c\u00e9lja az olyan region\u00e1lis term\u00e9kek \u00e9s szolg\u00e1ltat\u00e1sok \u00f6sszegy\u0171jt\u00e9se, amelyek az eg\u00e9szs\u00e9ges \u00e9s fenntarthat\u00f3 \u00e9letm\u00f3dot t\u00e1mogatj\u00e1k, mindezt egy r\u00f6vid ell\u00e1t\u00e1si l\u00e1ncon bel\u00fcl.<\/p>\n<p>[\/vc_column_text][\/vc_column][\/vc_row][vc_row css_animation=&#8221;fadeInUp&#8221; css=&#8221;.vc_custom_1721332305452{padding-bottom: 55px !important;}&#8221;][vc_column][vc_row_inner equal_height=&#8221;yes&#8221; content_placement=&#8221;middle&#8221;][vc_column_inner el_class=&#8221;res-m-btm&#8221; width=&#8221;1\/4&#8243; animate=&#8221;fadeInUp&#8221; time=&#8221;0&#8243;][vc_single_image image=&#8221;1326&#8243; img_size=&#8221;medium&#8221; alignment=&#8221;center&#8221; css_animation=&#8221;flipInY&#8221; css=&#8221;.vc_custom_1724316617334{padding-right: 38px !important;padding-left: 38px !important;}&#8221;][\/vc_column_inner][vc_column_inner width=&#8221;3\/4&#8243;][vc_column_text css=&#8221;.vc_custom_1727946276402{padding-right: 38px !important;padding-left: 38px !important;}&#8221; el_class=&#8221;text-block&#8221;]<\/p>\n<ul>\n<li>Lakhat\u00e1s (<span style=\"font-family: MADE Evolve Sans Bold EVO;\">Bee-HOME<\/span>) megfizethet\u0151 b\u00e9rlak\u00e1sok, modul\u00e1ris lak\u00e1sok kialak\u00edt\u00e1sa, r\u00e9gebbi lak\u00e1sok \u00e1talak\u00edt\u00e1sa a val\u00f3s energiamegtakar\u00edt\u00e1shoz.<\/li>\n<li>Eg\u00e9szs\u00e9ges \u00e9letm\u00f3d (<span style=\"font-family: MADE Evolve Sans Bold EVO;\">Bee-HEALTH<\/span>): biogazdas\u00e1gban termesztett \u00e9lelmiszerek, \u00e9trend kieg\u00e9sz\u00edt\u0151k, funkcion\u00e1lis \u00e9lelmiszerek, amelyek az eg\u00e9szs\u00e9ges t\u00e1pl\u00e1lkoz\u00e1s alapj\u00e1t k\u00e9pezik<\/li>\n<li>J\u00f3t\u00e9kony szabadid\u0151 (<span style=\"font-family: MADE Evolve Sans Bold EVO;\">Bee HOLIDAY<\/span>): exkluz\u00edv sz\u00e1ll\u00e1shelyek, felejthetetlen, \u00e9letre sz\u00f3l\u00f3 \u00e9lm\u00e9nyek ak\u00e1r otthon, ak\u00e1r a vil\u00e1g m\u00e1sik oldal\u00e1n, mes\u00e9s kis kapszulakuck\u00f3kban.<\/li>\n<li>Stabil p\u00e9nz\u00fcgyek (<span style=\"font-family: MADE Evolve Sans Bold EVO;\">Bee-dApp<\/span>): az \u00f6kosziszt\u00e9m\u00e1nkban el\u00e9rhet\u0151 \u00f6sszes term\u00e9k \u00e9s szolg\u00e1ltat\u00e1s megv\u00e1s\u00e1rolhat\u00f3 a saj\u00e1t, bels\u0151 valut\u00e1nkkal, el\u0151seg\u00edtve a p\u00e9nz\u00fcgyi tudatoss\u00e1got.<\/li>\n<\/ul>\n<p>[\/vc_column_text][\/vc_column_inner][\/vc_row_inner][vc_row_inner][vc_column_inner][vc_column_text css=&#8221;.vc_custom_1728561381217{padding-top: 55px !important;padding-bottom: 55px !important;}&#8221; el_class=&#8221;text-block&#8221;]A besz\u00e1ll\u00edt\u00f3 partnereink minden term\u00e9ke \u00e9s szolg\u00e1ltat\u00e1sa el\u00e9rhet\u0151 lesz a saj\u00e1t bels\u0151 valut\u00e1nk, a <span style=\"font-family: MADE Evolve Sans Bold EVO;\">Bee Cash<\/span> haszn\u00e1lat\u00e1val, a hagyom\u00e1nyos p\u00e9nznemek mellett.<\/p>\n<p>A <span style=\"font-family: MADE Evolve Sans Bold EVO;\">Pre-Bee Cash<\/span>, amelyet az indul\u00e1si f\u00e1zisban bocs\u00e1tunk ki, a korai tagok sz\u00e1m\u00e1ra kedvezm\u00e9nyes \u00e1ron lesz el\u00e9rhet\u0151, akik \u00edgy ak\u00e1r azonnali <strong>42%<\/strong>-os megtakar\u00edt\u00e1st is realiz\u00e1lhatnak a k\u00edn\u00e1latban el\u00e9rhet\u0151 term\u00e9kek bev\u00e1lt\u00e1s\u00e1ra.<\/p>\n<p>Az els\u0151 feladatunk a <span style=\"font-family: MADE Evolve Sans Bold EVO;\">Bee-POINTs<\/span> (<strong>Bee Pontok<\/strong>) megszervez\u00e9se Magyarorsz\u00e1gon, amelyeket ott nyitunk meg, ahol megfelel\u0151 sz\u00e1m\u00fa el\u0151regisztr\u00e1ci\u00f3 t\u00f6rt\u00e9nik.<\/p>\n<p>A <span style=\"font-family: MADE Evolve Sans Bold EVO;\">Bee-POINTs<\/span> (<strong>Bee Pontok<\/strong>) megnyit\u00e1s\u00e1nak k\u00f6vetelm\u00e9nye legal\u00e1bb 500 regisztr\u00e1lt felhaszn\u00e1l\u00f3 a helyi k\u00f6z\u00f6ss\u00e9gben, \u00e9s legal\u00e1bb 30.000 $ \u00e9rt\u00e9k\u0171 <span style=\"font-family: MADE Evolve Sans Bold EVO;\">Pre-Bee Cash<\/span> el\u0151rendel\u00e9s az adott k\u00f6z\u00f6ss\u00e9gt\u0151l.[\/vc_column_text][vc_column_text css=&#8221;.vc_custom_1727946847260{padding-bottom: 15px !important;}&#8221; el_class=&#8221;text-block&#8221;]<\/p>\n<h4 style=\"text-align: left;\">Mit kell tenni?<\/h4>\n<p class=\"lead\" style=\"text-align: left; padding-left: 40px;\">Kattintson erre a linkre: <a href=\"https:\/\/bee-cash.io\/register\/Jeno.Deak\" target=\"_blank\" rel=\"noopener\">> LINK <<\/a> \u00e9s csatlakozzon a k\u00f6z\u00f6ss\u00e9ghez ingyenesen, \u00e9s m\u00e9g lev\u00e1s\u00e1rolhat\u00f3 tokent is kap az indul\u00e1si szakaszban (<strong>1$<\/strong> tagonk\u00e9nt).<\/p>\n<p>[\/vc_column_text][vc_single_image image=&#8221;1369&#8243; img_size=&#8221;large&#8221; alignment=&#8221;center&#8221; css_animation=&#8221;fadeIn&#8221; css=&#8221;.vc_custom_1725436516786{padding-bottom: 55px !important;}&#8221; el_id=&#8221;beepointhumap&#8221;][\/vc_column_inner][\/vc_row_inner][vc_row_inner][vc_column_inner][vc_text_separator title=&#8221;A Bee Pontok olyan k\u00f6z\u00f6ss\u00e9gi partnereket keresnek, akik elad\u00f3k\u00e9nt vagy elfogad\u00f3helyk\u00e9nt k\u00edv\u00e1nnak csatlakozni az \u00f6kosziszt\u00e9m\u00e1hoz.&#8221; color=&#8221;purple&#8221; style=&#8221;shadow&#8221; css=&#8221;.vc_custom_1727946914825{padding-bottom: 55px !important;}&#8221;][\/vc_column_inner][\/vc_row_inner][vc_row_inner][vc_column_inner][vc_column_text css=&#8221;.vc_custom_1727948545694{padding-right: 38px !important;padding-left: 38px !important;}&#8221; el_class=&#8221;text-block&#8221;]A csatlakoz\u00e1s minden partner sz\u00e1m\u00e1ra ingyenes, csak viszontelad\u00f3i \u00e1rr\u00e9st \u00e9s mennyis\u00e9gi kedvezm\u00e9nyeket k\u00e9r\u00fcnk (az \u00e1raz\u00e1s egyedi meg\u00e1llapod\u00e1s szerint t\u00f6rt\u00e9nik)<\/p>\n<ul>\n<li><span style=\"font-family: MADE Evolve Sans Bold EVO;\">Bee-HIVE<\/span> Partner: helyi \u0151stermel\u0151k \u00e1ltal el\u0151\u00e1ll\u00edtott \u00e9s besz\u00e1ll\u00edtott term\u00e9kek, amelyeket a gy\u0171jt\u0151pontokon lehet \u00e1tvenni (jelenleg is fogadjuk a helyi k\u00f6z\u00f6ss\u00e9gek jelentkez\u00e9seit).<br \/>\n&#8211; Hagyom\u00e1nyos \u0151stermel\u0151k<br \/>\n&#8211; Kistermel\u0151k<br \/>\n&#8211; F\u00f6ldgazd\u00e1lkod\u00f3k<br \/>\n&#8211; Kert\u00e9szetek<br \/>\n&#8211; Tudatos p\u00e9nzgazd\u00e1lkod\u00e1st el\u0151seg\u00edt\u0151 sz\u00f6vetkezetek<\/li>\n<li>\u00d6koterm\u00e9k partnerek: kist\u00e9rs\u00e9gi termel\u0151k \u00e1ltal besz\u00e1ll\u00edtott term\u00e9kek.<br \/>\n&#8211; K\u00e9zm\u0171vesek<br \/>\n&#8211; Szuven\u00edrek<br \/>\n&#8211; Gy\u00f3gy\u00e1szati k\u00e9sz\u00edtm\u00e9nyek<br \/>\n&#8211; \u00c9lelmiszer-kieg\u00e9sz\u00edt\u0151 term\u00e9kek<\/li>\n<li><span style=\"font-family: MADE Evolve Sans Bold EVO;\">Bee-HEALTH<\/span> Partner: tev\u00e9kenys\u00e9gek \u00e9s szolg\u00e1ltat\u00e1sok az eg\u00e9szs\u00e9ges \u00e9let\u00e9rt.<br \/>\n&#8211; Term\u00e9szetes gy\u00f3gy\u00e1szat<br \/>\n&#8211; Massz\u00e1zs, terapeuta<br \/>\n&#8211; Mag\u00e1nklinik\u00e1k<br \/>\n&#8211; Funkcion\u00e1lis \u00e9lelmiszerek<\/li>\n<li>Term\u00e9kpartnerek: a tags\u00e1g \u00e9p\u00edt\u00e9si, korszer\u0171s\u00edt\u00e9si, otthonteremt\u00e9si ig\u00e9nyeinek kiel\u00e9g\u00edt\u00e9se<br \/>\n&#8211; Lakatos<br \/>\n&#8211; \u00c1cs<br \/>\n&#8211; Asztalos<br \/>\n&#8211; Besz\u00e1ll\u00edt\u00f3<br \/>\n&#8211; Keresked\u0151<br \/>\n&#8211; Ell\u00e1t\u00f3<\/li>\n<li>Szolg\u00e1ltat\u00f3i partnerek: a tagok szolg\u00e1ltat\u00e1si ig\u00e9nyeinek kiel\u00e9g\u00edt\u00e9se:<br \/>\n&#8211; Takar\u00edt\u00e1s<br \/>\n&#8211; Fuvaroz\u00e1s<br \/>\n&#8211; K\u00f6nyvel\u00e9s<br \/>\n&#8211; Jogi tan\u00e1csad\u00e1s<\/li>\n<li>\u00dcd\u00fcl\u00e9si partner: a tags\u00e1g \u00fcd\u00fcl\u00e9si \u00e9s utaz\u00e1si ig\u00e9nyeinek kiel\u00e9g\u00edt\u00e9se:<br \/>\n&#8211; Kempingez\u00e9s<br \/>\n&#8211; Hotel, motel<br \/>\n&#8211; \u00dcd\u00fcl\u0151hely<br \/>\n&#8211; \u00c9lm\u00e9nypark<br \/>\n&#8211; Kast\u00e9lysz\u00e1ll\u00f3<br \/>\n&#8211; Strand<br \/>\n&#8211; Gy\u00f3gyf\u00fcrd\u0151<br \/>\n&#8211; Vend\u00e9gl\u00e1t\u00f3 l\u00e9tes\u00edtm\u00e9nyek<br \/>\n&#8211; Kultur\u00e1lis int\u00e9zm\u00e9nyek<br \/>\n&#8211; Gal\u00e9ri\u00e1k, ki\u00e1ll\u00edt\u00e1sok<br \/>\n&#8211; Halastavak<br \/>\n&#8211; Lovasiskol\u00e1k<\/li>\n<li><span style=\"font-family: MADE Evolve Sans Bold EVO;\">Bee-HOME<\/span> Partner: olyan partnerek, akik r\u00f6vid- vagy hossz\u00fat\u00e1v\u00fa b\u00e9rbead\u00e1sra sz\u00e1nt ingatlanokkal csatlakoznak lak\u00e1sprogramunkhoz.<br \/>\n&#8211; Ingatlanfejleszt\u0151k<br \/>\n&#8211; \u00c9p\u00edt\u0151ipari v\u00e1llalkoz\u00f3k<br \/>\n&#8211; Befektet\u0151k<\/li>\n<li><span style=\"font-family: MADE Evolve Sans Bold EVO;\">Bee-HOME<\/span> parkol\u00f3hely partner: azok, akinek van egy b\u00e9relhet\u0151 telk\u00fck, amelyen lehet\u0151v\u00e9 teszik egy Bee-HOME vagy HOLIDAY projekt megval\u00f3sul\u00e1s\u00e1t.<br \/>\n&#8211; Mag\u00e1nszem\u00e9lyek, telkek<br \/>\n&#8211; Nyaral\u00f3k, z\u00e1rtkertek<br \/>\n&#8211; Parkol\u00e1s<\/li>\n<\/ul>\n<p>[\/vc_column_text][\/vc_column_inner][\/vc_row_inner][\/vc_column][\/vc_row]<\/p>\n<\/div>","protected":false},"excerpt":{"rendered":"<p>[vc_row css=&#8221;.vc_custom_1721332089121{padding-top: 55px !important;}&#8221;][vc_column][vc_column_text css=&#8221;.vc_custom_1727946078307{padding-top: 55px !important;padding-bottom: 55px !important;}&#8221; el_class=&#8221;text-block&#8221;] K\u00f6z\u00f6ss\u00e9gi Pont C\u00e9lunk egy k\u00f6z\u00f6ss\u00e9gi inform\u00e1ci\u00f3s- \u00e9s \u00e9rt\u00e9kes\u00edt\u00e9si ponth\u00e1l\u00f3zat l\u00e9trehoz\u00e1sa, amely k\u00f6z\u00f6ss\u00e9gi pontok c\u00e9lja az olyan region\u00e1lis term\u00e9kek \u00e9s szolg\u00e1ltat\u00e1sok \u00f6sszegy\u0171jt\u00e9se, amelyek az eg\u00e9szs\u00e9ges \u00e9s fenntarthat\u00f3 \u00e9letm\u00f3dot t\u00e1mogatj\u00e1k, mindezt egy r\u00f6vid ell\u00e1t\u00e1si l\u00e1ncon bel\u00fcl. [\/vc_column_text][\/vc_column][\/vc_row][vc_row css_animation=&#8221;fadeInUp&#8221; css=&#8221;.vc_custom_1721332305452{padding-bottom: 55px !important;}&#8221;][vc_column][vc_row_inner equal_height=&#8221;yes&#8221; content_placement=&#8221;middle&#8221;][vc_column_inner el_class=&#8221;res-m-btm&#8221; width=&#8221;1\/4&#8243; animate=&#8221;fadeInUp&#8221; time=&#8221;0&#8243;][vc_single_image [&hellip;]<\/p>\n","protected":false},"author":1,"featured_media":0,"parent":0,"menu_order":0,"comment_status":"closed","ping_status":"closed","template":"page-templates\/template-fullwidth.php","meta":{"footnotes":""},"class_list":["post-1315","page","type-page","status-publish","hentry"],"_links":{"self":[{"href":"https:\/\/bee-ecosystem.io\/hu\/wp-json\/wp\/v2\/pages\/1315","targetHints":{"allow":["GET"]}}],"collection":[{"href":"https:\/\/bee-ecosystem.io\/hu\/wp-json\/wp\/v2\/pages"}],"about":[{"href":"https:\/\/bee-ecosystem.io\/hu\/wp-json\/wp\/v2\/types\/page"}],"author":[{"embeddable":true,"href":"https:\/\/bee-ecosystem.io\/hu\/wp-json\/wp\/v2\/users\/1"}],"replies":[{"embeddable":true,"href":"https:\/\/bee-ecosystem.io\/hu\/wp-json\/wp\/v2\/comments?post=1315"}],"version-history":[{"count":28,"href":"https:\/\/bee-ecosystem.io\/hu\/wp-json\/wp\/v2\/pages\/1315\/revisions"}],"predecessor-version":[{"id":1685,"href":"https:\/\/bee-ecosystem.io\/hu\/wp-json\/wp\/v2\/pages\/1315\/revisions\/1685"}],"wp:attachment":[{"href":"https:\/\/bee-ecosystem.io\/hu\/wp-json\/wp\/v2\/media?parent=1315"}],"curies":[{"name":"wp","href":"https:\/\/api.w.org\/{rel}","templated":true}]}}