{"id":1250,"date":"2024-08-15T12:17:25","date_gmt":"2024-08-15T12:17:25","guid":{"rendered":"https:\/\/bee-ecosystem.io\/?page_id=1250"},"modified":"2024-10-10T15:42:21","modified_gmt":"2024-10-10T15:42:21","slug":"privacy-statement","status":"publish","type":"page","link":"https:\/\/bee-ecosystem.io\/hu\/privacy-statement\/","title":{"rendered":"Adatkezel\u00e9si Nyilatkozat"},"content":{"rendered":"<div class=\"wpb-content-wrapper\"><p>[vc_row css=&#8221;.vc_custom_1723736326666{padding-top: 65px !important;}&#8221;][vc_column][vc_text_separator title=&#8221;Adatkezel\u00e9s&#8221; title_align=&#8221;separator_align_left&#8221; color=&#8221;purple&#8221; style=&#8221;shadow&#8221; css_animation=&#8221;fadeInRight&#8221; css=&#8221;.vc_custom_1728574443817{padding-top: 25px !important;}&#8221;]\n        <div class=\"section-head text-center\">\n                <h2 class=\"section-title animated\" data-animate=\"fadeInUp\" data-delay=\".1\">\n                        <span>Nyilatkozat<\/span>        <\/h2>\n    <\/div>\n    \n[vc_column_text css=&#8221;.vc_custom_1728574932938{padding-top: 45px !important;padding-bottom: 55px !important;}&#8221;]Adatkezel\u00e9si Nyilatkozat (v\u00e1ltoz\u00e1ssal egys\u00e9ges szerkezetben) Hat\u00e1lyos: 2024. j\u00fanius 01. napj\u00e1t\u00f3l. A <span style=\"font-family: MADE Evolve Sans Light EVO; color: #8ed1fc;\">Wanderhouse LLC.<\/span> (sz\u00e9khely: 1931 CORDOVA RD #1012 FORT LAUDERDALE, FL 33316; elektronikus levelez\u00e9si c\u00edm: office@bee-ecosystem.io, ad\u00f3sz\u00e1m: 35-2694117; tov\u00e1bbiakban: &#8222;Szolg\u00e1ltat\u00f3&#8221;) \u00e1ltal ny\u00fajtott szolg\u00e1ltat\u00e1sok keret\u00e9ben vagy \u00e9rt\u00e9kes\u00edtett term\u00e9kek eset\u00e9ben megadott (szem\u00e9lyes) adatok kezel\u00e9s\u00e9re a jelen Adatkezel\u00e9si nyilatkozat rendelkez\u00e9sei az ir\u00e1nyad\u00f3ak, a Szolg\u00e1ltat\u00f3 \u00e1ltal \u00fczemeltetett <a href=\"https:\/\/bee-ecosystem.io\">bee-ecosystem.io<\/a>, <a href=\"https:\/\/bee-cash.io\" target=\"_blank\" rel=\"noopener\">bee-cash.io<\/a>, valamint <a href=\"http:\/\/wanderhouse.net\" target=\"_blank\" rel=\"noopener\">wanderhouse.net<\/a> internetes oldalakon t\u00e1rolt, valamint a <span style=\"font-family: MADE Evolve Sans Bold EVO; color: #8ed1fc;\">Bee-Ecosystem<\/span> rendszer keret\u00e9ben felhaszn\u00e1lt adatok vonatkoz\u00e1s\u00e1ban.<br \/>\nA Megrendel\u0151 \u00e9s a Felhaszn\u00e1l\u00f3 hozz\u00e1j\u00e1rul ahhoz, hogy a regisztr\u00e1ci\u00f3kor vagy megrendel\u00e9skor megadott (szem\u00e9lyes) adatait a Szolg\u00e1ltat\u00f3 a jelenlegi \u00e9s j\u00f6v\u0151beni telekommunik\u00e1ci\u00f3s szolg\u00e1ltat\u00e1sai vagy m\u00e1s m\u00e9diumai sz\u00fcks\u00e9g szerint elv\u00e9gzend\u0151 szerkeszt\u00e9si munk\u00e1latok, piackutat\u00e1s, k\u00f6zvetlen piacszerz\u00e9s \u00e9s\/vagy rekl\u00e1mk\u00fcld\u00e9s c\u00e9lj\u00e1b\u00f3l a mindenkori jogszab\u00e1lyi el\u0151\u00edr\u00e1soknak megfelel\u0151en t\u00e1rolja, kezelje \u00e9s felhaszn\u00e1lja.<br \/>\nA rekl\u00e1mk\u00fcld\u00e9s nem csak a Szolg\u00e1ltat\u00f3 rekl\u00e1mjainak elk\u00fcld\u00e9s\u00e9t jelenti, hanem m\u00e1s, a Szolg\u00e1ltat\u00f3val kapcsolatban \u00e1ll\u00f3 c\u00e9g rekl\u00e1mjainak elk\u00fcld\u00e9s\u00e9t is.<br \/>\nA Megrendel\u0151 \u00e9s a Felhaszn\u00e1l\u00f3 hozz\u00e1j\u00e1rul ahhoz is, hogy a (szem\u00e9lyes) adatok belf\u00f6ld\u00f6n vagy k\u00fclf\u00f6ld\u00f6n tov\u00e1bb\u00edt\u00e1sra ker\u00fcljenek a Szolg\u00e1ltat\u00f3 tulajdonos\u00e1val megegyez\u0151 vagy hasonl\u00f3 tulajdoni k\u00f6rrel rendelkez\u0151 c\u00e9g(ek) r\u00e9sz\u00e9re, azonban kiz\u00e1r\u00f3lag a fenti eml\u00edtett c\u00e9lokkal \u00f6sszef\u00fcgg\u00e9sben.<br \/>\nA Megrendel\u0151 \u00e9s a Felhaszn\u00e1l\u00f3 hozz\u00e1j\u00e1rul ahhoz, hogy a Szolg\u00e1ltat\u00f3 a r\u00e9sz\u00e9re rekl\u00e1manyagokat k\u00fcldj\u00f6n a megrendel\u00e9s teljes\u00edt\u00e9s\u00e9t, illetve az el\u0151fizet\u00e9s megsz\u0171n\u00e9s\u00e9t k\u00f6vet\u0151en is. Ha Megrendel\u0151 a rekl\u00e1manyagok k\u00fcld\u00e9s\u00e9t a j\u00f6v\u0151ben nem k\u00e9ri, ezt b\u00e1rmikor jelezheti az <a href=\"mailto:office@bee-ecosystem.io\">office@bee-ecosystem.io<\/a> e-mail c\u00edmre k\u00fcld\u00f6tt elektronikus \u00fczenetben.<br \/>\nA Szolg\u00e1ltat\u00f3 a sz\u00e1m\u00edt\u00f3g\u00e9pes rendszereiben t\u00e1rolt (szem\u00e9lyes) adatokat bizalmasan kezeli, a (szem\u00e9lyes) adatokat illet\u00e9ktelen harmadik szem\u00e9lynek nem adja ki, illet\u00e9ktelen harmadik szem\u00e9ly r\u00e9sz\u00e9re nem teszi hozz\u00e1f\u00e9rhet\u0151v\u00e9. Nem min\u0151s\u00fcl illet\u00e9ktelen harmadik szem\u00e9ly r\u00e9sz\u00e9re t\u00f6rt\u00e9n\u0151 adattov\u00e1bb\u00edt\u00e1snak a (szem\u00e9lyes) adatoknak a Szolg\u00e1ltat\u00f3 tulajdon\u00e1ban \u00e1ll\u00f3 vagy a Szolg\u00e1ltat\u00f3 c\u00e9gcsoportj\u00e1hoz tartoz\u00f3 gazdas\u00e1gi t\u00e1rsas\u00e1g r\u00e9sz\u00e9re t\u00f6rt\u00e9n\u0151 adattov\u00e1bb\u00edt\u00e1s, vagy a Szolg\u00e1ltat\u00f3 tulajdonos\u00e1val megegyez\u0151 vagy hasonl\u00f3 tulajdoni k\u00f6rrel rendelkez\u0151 c\u00e9g r\u00e9sz\u00e9re t\u00f6rt\u00e9n\u0151 adattov\u00e1bb\u00edt\u00e1s, tov\u00e1bb\u00e1 a Szolg\u00e1ltat\u00f3 \u00fczleti partnerei r\u00e9sz\u00e9re t\u00f6rt\u00e9n\u0151 adattov\u00e1bb\u00edt\u00e1s olyan esetekben, amikor az \u00fczleti partner term\u00e9ke \u00e9s\/vagy szolg\u00e1ltat\u00e1sa ker\u00fcl a Szolg\u00e1ltat\u00f3 \u00e1ltal \u00e9rt\u00e9kes\u00edt\u00e9sre vagy kapcsol\u00f3dik a Szolg\u00e1ltat\u00f3 term\u00e9k\u00e9hez \u00e9s\/vagy szolg\u00e1ltat\u00e1s\u00e1hoz.<br \/>\nSzolg\u00e1ltat\u00f3 a Megrendel\u0151 \u00e1ltal megadott adatok val\u00f3dis\u00e1g\u00e1\u00e9rt felel\u0151ss\u00e9get nem v\u00e1llal. A web\u00e1ruh\u00e1z b\u00f6ng\u00e9sz\u00e9se folyam\u00e1n technikai inform\u00e1ci\u00f3k ker\u00fclnek r\u00f6gz\u00edt\u00e9sre statisztikai c\u00e9lokb\u00f3l (pl. IP c\u00edm, l\u00e1togat\u00e1s id\u0151tartama, stb.). Ezeket az adatokat a Szolg\u00e1ltat\u00f3 kiz\u00e1r\u00f3lag jogszab\u00e1lyi alapon, indokolt \u00e9s al\u00e1t\u00e1masztott esetben adja \u00e1t az elj\u00e1r\u00f3 hat\u00f3s\u00e1gok r\u00e9sz\u00e9re. Az online t\u00f6rt\u00e9n\u0151 megrendel\u00e9shez cookie-k enged\u00e9lyez\u00e9se sz\u00fcks\u00e9ges. Amennyiben nem enged\u00e9lyezi a cookie-k haszn\u00e1lat\u00e1t, le tudja tiltani a b\u00f6ng\u00e9sz\u0151je be\u00e1ll\u00edt\u00e1saiban. A cookie-k letilt\u00e1sa eset\u00e9n bizonyos a szolg\u00e1ltat\u00e1sok egyes elemei csak r\u00e9szben, vagy egy\u00e1ltal\u00e1n nem haszn\u00e1lhat\u00f3ak. A cookie egy olyan f\u00e1jl, amelyet a szerver k\u00fcld a felhaszn\u00e1l\u00f3 b\u00f6ng\u00e9sz\u0151j\u00e9nek, \u00e9s amelyet a felhaszn\u00e1l\u00f3 b\u00f6ng\u00e9sz\u0151je t\u00e1rol. A cookie-ban szem\u00e9lyes adat nem ker\u00fcl t\u00e1rol\u00e1sra.<br \/>\nMegrendel\u0151 \u00e9s Felhaszn\u00e1l\u00f3 tudom\u00e1sul veszi, hogy a Szolg\u00e1ltat\u00f3 \u00e1ltal \u00fczemeltetett weboldalakon makr\u00f3k \/ cookies (\u201es\u00fctik\u201d) m\u0171k\u00f6dnek, ide\u00e9rtve t\u00f6bbek k\u00f6z\u00f6tt, de nem kiz\u00e1r\u00f3lag a browser cookies-t, a tracking cookies-t \u00e9s a computer cookies-t. A szem\u00e9lyes adatok kezel\u00e9se mindenben megfelel az inform\u00e1ci\u00f3s \u00f6nrendelkez\u00e9si jogr\u00f3l \u00e9s az inform\u00e1ci\u00f3szabads\u00e1gr\u00f3l sz\u00f3l\u00f3 <strong>2011. \u00e9vi CXII. t\u00f6rv\u00e9nyben, valamint a vonatkoz\u00f3 jogszab\u00e1lyokban foglalt valamennyi k\u00f6telezetts\u00e9gnek<\/strong>.<br \/>\nAz adatv\u00e9delmi elvek kialak\u00edt\u00e1sakor k\u00fcl\u00f6n\u00f6s tekintettel vett\u00fck figyelembe az egy\u00e9nek v\u00e9delm\u00e9r\u0151l a szem\u00e9lyes adatok g\u00e9pi feldolgoz\u00e1sa sor\u00e1n <strong>Strasbourgban, 1981. janu\u00e1r 28. napj\u00e1n kelt Egyezm\u00e9ny kihirdet\u00e9s\u00e9r\u0151l sz\u00f3l\u00f3 1998. \u00e9vi VI. t\u00f6rv\u00e9ny rendelkez\u00e9seit<\/strong>. A jelen dokumentumban nem szab\u00e1lyozott k\u00e9rd\u00e9sekben a hat\u00e1lyos, t\u00f6rv\u00e9nyi el\u0151\u00edr\u00e1sokat kell alkalmazni.[\/vc_column_text][\/vc_column][\/vc_row]<\/p>\n<\/div>","protected":false},"excerpt":{"rendered":"<p>[vc_row css=&#8221;.vc_custom_1723736326666{padding-top: 65px !important;}&#8221;][vc_column][vc_text_separator title=&#8221;Adatkezel\u00e9s&#8221; title_align=&#8221;separator_align_left&#8221; color=&#8221;purple&#8221; style=&#8221;shadow&#8221; css_animation=&#8221;fadeInRight&#8221; css=&#8221;.vc_custom_1728574443817{padding-top: 25px !important;}&#8221;][vc_column_text css=&#8221;.vc_custom_1728574932938{padding-top: 45px !important;padding-bottom: 55px !important;}&#8221;]Adatkezel\u00e9si Nyilatkozat (v\u00e1ltoz\u00e1ssal egys\u00e9ges szerkezetben) Hat\u00e1lyos: 2024. j\u00fanius 01. napj\u00e1t\u00f3l. A Wanderhouse LLC. (sz\u00e9khely: 1931 CORDOVA RD #1012 FORT LAUDERDALE, FL 33316; elektronikus levelez\u00e9si c\u00edm: office@bee-ecosystem.io, ad\u00f3sz\u00e1m: 35-2694117; tov\u00e1bbiakban: &#8222;Szolg\u00e1ltat\u00f3&#8221;) \u00e1ltal ny\u00fajtott szolg\u00e1ltat\u00e1sok keret\u00e9ben vagy \u00e9rt\u00e9kes\u00edtett term\u00e9kek eset\u00e9ben megadott [&hellip;]<\/p>\n","protected":false},"author":1,"featured_media":0,"parent":0,"menu_order":0,"comment_status":"closed","ping_status":"closed","template":"page-templates\/template-fullwidth.php","meta":{"footnotes":""},"class_list":["post-1250","page","type-page","status-publish","hentry"],"_links":{"self":[{"href":"https:\/\/bee-ecosystem.io\/hu\/wp-json\/wp\/v2\/pages\/1250","targetHints":{"allow":["GET"]}}],"collection":[{"href":"https:\/\/bee-ecosystem.io\/hu\/wp-json\/wp\/v2\/pages"}],"about":[{"href":"https:\/\/bee-ecosystem.io\/hu\/wp-json\/wp\/v2\/types\/page"}],"author":[{"embeddable":true,"href":"https:\/\/bee-ecosystem.io\/hu\/wp-json\/wp\/v2\/users\/1"}],"replies":[{"embeddable":true,"href":"https:\/\/bee-ecosystem.io\/hu\/wp-json\/wp\/v2\/comments?post=1250"}],"version-history":[{"count":12,"href":"https:\/\/bee-ecosystem.io\/hu\/wp-json\/wp\/v2\/pages\/1250\/revisions"}],"predecessor-version":[{"id":1643,"href":"https:\/\/bee-ecosystem.io\/hu\/wp-json\/wp\/v2\/pages\/1250\/revisions\/1643"}],"wp:attachment":[{"href":"https:\/\/bee-ecosystem.io\/hu\/wp-json\/wp\/v2\/media?parent=1250"}],"curies":[{"name":"wp","href":"https:\/\/api.w.org\/{rel}","templated":true}]}}