{"id":1007,"date":"2024-07-24T16:57:55","date_gmt":"2024-07-24T16:57:55","guid":{"rendered":"https:\/\/bee-ecosystem.io\/?page_id=1007"},"modified":"2025-03-10T18:15:43","modified_gmt":"2025-03-10T18:15:43","slug":"vpbcs-ticket-virtual-pre-bee-cash","status":"publish","type":"page","link":"https:\/\/bee-ecosystem.io\/hu\/vpbcs-ticket-virtual-pre-bee-cash\/","title":{"rendered":"VPBCS JEGY &#8211; Virtu\u00e1lis Pre-Bee Cash"},"content":{"rendered":"<div class=\"wpb-content-wrapper\"><p>[vc_row css=&#8221;.vc_custom_1721332089121{padding-top: 55px !important;}&#8221;][vc_column][vc_column_text css=&#8221;.vc_custom_1728478840796{padding-top: 55px !important;padding-bottom: 55px !important;}&#8221; el_class=&#8221;text-block&#8221;]<\/p>\n<h4>VPBCS 42% kibocs\u00e1t\u00e1si b\u00f3nusz!<\/h4>\n<p>Most el\u0151re lefoglalhatja a teljes <span style=\"font-family: MADE Evolve Sans Bold EVO; color: #8ed1fc;\">P-BCS<\/span> (<span style=\"font-family: MADE Evolve Sans Light EVO;\">Pre-Bee Cash<\/span>) mennyis\u00e9get a <span style=\"font-family: MADE Evolve Sans Bold EVO; color: #8ed1fc;\">P-BCS<\/span> el\u0151jegyz\u00e9sekor befizetett \u00f6sszeggel.[\/vc_column_text][\/vc_column][\/vc_row][vc_row css_animation=&#8221;fadeInUp&#8221; css=&#8221;.vc_custom_1721332305452{padding-bottom: 55px !important;}&#8221;][vc_column][vc_row_inner equal_height=&#8221;yes&#8221; content_placement=&#8221;middle&#8221;][vc_column_inner el_class=&#8221;res-m-btm&#8221; width=&#8221;1\/2&#8243; animate=&#8221;fadeInUp&#8221; time=&#8221;0&#8243;][vc_single_image image=&#8221;1605&#8243; img_size=&#8221;full&#8221; alignment=&#8221;center&#8221; css_animation=&#8221;fadeInLeft&#8221; css=&#8221;.vc_custom_1728495805102{padding-right: 38px !important;padding-left: 38px !important;}&#8221;][\/vc_column_inner][vc_column_inner width=&#8221;1\/2&#8243;][vc_column_text css=&#8221;.vc_custom_1728487751258{padding-right: 38px !important;padding-left: 38px !important;}&#8221; el_class=&#8221;text-block&#8221;]<\/p>\n<h4>VPBCS JEGY<\/h4>\n<p class=\"lead\">Virtu\u00e1lis Pre-Bee Cash:<\/p>\n<ul>\n<li>A fenntarthat\u00f3s\u00e1gi Bee k\u00e1rtya<\/li>\n<li>A <span style=\"font-family: MADE Evolve Sans Light EVO;\"><strong><span style=\"color: #800080;\">V<\/span><\/strong><span style=\"color: #8ed1fc;\">PBCS<\/span> JEGY<\/span> csak digit\u00e1lis form\u00e1ban el\u00e9rhet\u0151<\/li>\n<\/ul>\n<p>[\/vc_column_text][\/vc_column_inner][\/vc_row_inner][vc_row_inner][vc_column_inner][vc_column_text css=&#8221;.vc_custom_1728493001302{padding-top: 55px !important;padding-bottom: 55px !important;}&#8221; el_class=&#8221;text-block&#8221;]A <span style=\"color: #8ed1fc; font-family: MADE Evolve Sans Light EVO;\">P-BCS<\/span> (<span style=\"font-family: MADE Evolve Sans Light EVO;\">Pre-Bee Cash<\/span>) token el\u0151jegyz\u00e9si befizet\u00e9se (a teljes v\u00e9tel\u00e1r 50%-a) lefoglalja a teljes, megv\u00e1s\u00e1rolni k\u00edv\u00e1nt <span style=\"color: #8ed1fc; font-family: MADE Evolve Sans Light EVO;\">P-BCS<\/span> mennyis\u00e9get \u00fagy, hogy <span style=\"font-family: MADE Evolve Sans Light EVO;\"><span style=\"color: #800080;\">Virtu\u00e1lis<\/span> <span style=\"color: #8ed1fc;\">Pre-Bee Cash<\/span><\/span> (<span style=\"font-family: MADE Evolve Sans Light EVO; color: #800080;\">V<\/span><span style=\"color: #8ed1fc; font-family: MADE Evolve Sans Light EVO;\">PBCS<\/span>)-t \u00edrunk j\u00f3v\u00e1 a webirod\u00e1nkban vezetett sz\u00e1ml\u00e1j\u00e1n.<\/p>\n<p>A <span style=\"font-family: MADE Evolve Sans Light EVO;\"><strong><span style=\"color: #800080;\">V<\/span><\/strong><span style=\"color: #8ed1fc;\">PBCS<\/span><\/span> kiutal\u00e1s\u00e1nak felt\u00e9tele a webirod\u00e1nkban t\u00f6rt\u00e9n\u0151 regisztr\u00e1ci\u00f3s folyamat elv\u00e9gz\u00e9se, amelyet a megrendel\u00e9s lead\u00e1s\u00e1t k\u00f6vet\u0151en, e-mailben kapott instrukci\u00f3k szerint kell v\u00e9grehajtani.<\/p>\n<p>A <span style=\"color: #8ed1fc; font-family: MADE Evolve Sans Light EVO;\">P-BCS\u00a0<\/span>az <span style=\"font-family: MADE Evolve Sans Light EVO;\">ICO<\/span> kamp\u00e1ny elindul\u00e1sakor lesz el\u00e9rhet\u0151, a teljes v\u00e9tel\u00e1r (levonva a kor\u00e1bban befizetett \u00f6sszeget) megfizet\u00e9s\u00e9vel, az el\u0151jegyz\u00e9skor meghat\u00e1rozott id\u0151pontban.<\/p>\n<p>A <span style=\"color: #8ed1fc;\">P-BCS<\/span> felhaszn\u00e1l\u00e1s\u00e1nak lehet\u0151s\u00e9ge az <span style=\"font-family: MADE Evolve Sans Light EVO;\">ICO<\/span> kamp\u00e1ny ind\u00edt\u00e1sakor ny\u00edlik meg (<em>web3<\/em> <span style=\"font-family: MADE Evolve Sans Light EVO;\">ICO<\/span> launchpad fel\u00fclet elk\u00e9sz\u00fclte a l\u00e9trehozott <span style=\"color: #8ed1fc; font-family: MADE Evolve Sans Light EVO;\">P-BCS<\/span>-hez).<\/p>\n<ol>\n<li>A kor\u00e1bban lejegyzett <span style=\"color: #8ed1fc;\">P-BCS<\/span> mennyis\u00e9g v\u00e9tel\u00e1r\u00e1t a v\u00e1s\u00e1rl\u00f3 kieg\u00e9sz\u00edti 100%-ra, mely esetben a megrendelt <span style=\"color: #800080;\">V<\/span><span style=\"color: #8ed1fc;\">PBCS<\/span> 1:1-ben \u00e1tv\u00e1lt\u00e1sra ker\u00fcl <span style=\"color: #8ed1fc;\">P-BCS<\/span>-re,<br \/>\n\u00e9s <span style=\"color: #8ed1fc;\">P-BCS<\/span> form\u00e1ban jelenik meg a sz\u00e1ml\u00e1j\u00e1n.<\/li>\n<li>A v\u00e1s\u00e1rl\u00f3 csak az el\u0151jegyz\u00e9skor megfizetett \u00f6sszeget fizeti ki (azaz nem fizeti ki a v\u00e9tel\u00e1r fennmarad\u00f3 80%-\u00e1t), amely esetben az el\u0151jegyz\u00e9skor kifizetett mennyis\u00e9g\u0171 <span style=\"color: #8ed1fc; font-family: MADE Evolve Sans Light EVO;\">P-BCS<\/span> -t kap meg a sz\u00e1ml\u00e1j\u00e1ra.<\/li>\n<li>Addig v\u00e1s\u00e1rolhat a priv\u00e1t kosarakban (poolokban) tal\u00e1lhat\u00f3 <span style=\"font-family: MADE Evolve Sans Light EVO; color: #8ed1fc;\">P-BCS<\/span>-b\u0151l az <span style=\"font-family: MADE Evolve Sans Light EVO; color: #8ed1fc;\">ICO<\/span> kamp\u00e1ny kezdete ut\u00e1n, am\u00edg az adott kos\u00e1r ki nem \u00fcr\u00fcl.<\/li>\n<\/ol>\n<p>[\/vc_column_text][\/vc_column_inner][\/vc_row_inner][vc_separator css=&#8221;&#8221;][vc_column_text css_animation=&#8221;lightSpeedIn&#8221; css=&#8221;.vc_custom_1741630097613{padding-top: 55px !important;padding-bottom: 55px !important;}&#8221;]<\/p>\n<ul style=\"list-style-type: square;\">\n<li><strong><span style=\"color: #ff6600;\">NY\u00c1RI KEDVEZM\u00c9NY<\/span> <span style=\"color: #ff6600;\">20%<\/span><\/strong> <span style=\"color: #8ed1fc;\">volt, 2024.augusztus 31-ig, <strong>1000$ felett<br \/>\n<\/strong><\/span><\/li>\n<li><span style=\"color: #99cc00;\"><strong>\u0150SZI KEDVEZM\u00c9NY 18%\u00a0 <\/strong><\/span><span style=\"color: #8ed1fc;\">volt, 2024.november 30-ig, <strong>1000$ felett<br \/>\n<\/strong><\/span><\/li>\n<li><span style=\"color: #3366ff;\"><strong>T\u00c9LI KEDVEZM\u00c9NY 16% <\/strong><\/span><span style=\"color: #8ed1fc;\">volt, 2025.febru\u00e1r 28-ig, <strong>1000$ felett<\/strong><\/span><\/li>\n<li><span style=\"color: #ff99cc;\"><em><strong>14% TAVASZI kEDVEZM\u00c9NY<\/strong><\/em><\/span><span style=\"color: #8ed1fc;\">, 2025 \u00e1prilis 30-ig, <strong>1000$ felett<\/strong><\/span><\/li>\n<\/ul>\n<p>[\/vc_column_text][vc_column_text css=&#8221;&#8221;]\n<div class=\"ccb-main-widget \" id=\"ccb_app_1580\" data-calc-id=\"1580\"><\/div>\n[\/vc_column_text][\/vc_column][\/vc_row][vc_row][vc_column][vc_tta_tabs active_section=&#8221;1&#8243; css=&#8221;.vc_custom_1724079210085{padding-bottom: 55px !important;}&#8221;][vc_tta_section i_icon_fontawesome=&#8221;fas fa-dollar-sign&#8221; add_icon=&#8221;true&#8221; title=&#8221;Utal\u00e1s&#8221; tab_id=&#8221;1724078626000-bc458db3-18e0&#8243;][vc_column_text css=&#8221;&#8221;]Account holder: Wanderhouse LLC.<\/p>\n<p>Routing number: 026073150<br \/>\nSwift\/BIC: CMFGUS33<br \/>\nAccount number: 822000233982<\/p>\n<p>Bank name and address: Community Federal Savings Bank<br \/>\n89-16 Jamaica Ave<br \/>\nWoodhaven NY 11421<br \/>\nUnited States[\/vc_column_text][\/vc_tta_section][vc_tta_section i_icon_fontawesome=&#8221;far fa-credit-card&#8221; add_icon=&#8221;true&#8221; title=&#8221;Utal\u00e1s HUF&#8221; tab_id=&#8221;1724078626125-79637248-20ab&#8221; el_class=&#8221;money&#8221;][vc_column_text css=&#8221;&#8221;]Amennyiben HUF p\u00e9nznemben k\u00edv\u00e1n fizetni, elutalhatja a k\u00edv\u00e1nt \u00f6sszeget az al\u00e1bbi banksz\u00e1mlasz\u00e1mra, amelyre a be\u00e9rkezett p\u00e9nzmennyis\u00e9get az aktu\u00e1lis, hivatalos banki k\u00f6z\u00e9p\u00e1rfolyam szerint \u00e1tv\u00e1ltott \u00f6sszegben \u00e9rkeztetj\u00fck.<\/p>\n<p>Payment HUF, account number (Magyarorsz\u00e1gon bel\u00fcli transzfer):<br \/>\n\u00cdme a Wanderhouse LLC. forintsz\u00e1mla (HUF) adatai..<\/p>\n<p>Account holder: Wanderhouse LLC.<br \/>\nAccount number: 12600016-12793080-78626474<\/p>\n<p>Bank name and address: Wise<br \/>\nRue du Tr\u00f4ne 100, 3rd floor<br \/>\nBrussels<br \/>\n1050<br \/>\nBelgium[\/vc_column_text][\/vc_tta_section][vc_tta_section i_icon_fontawesome=&#8221;fas fa-random&#8221; add_icon=&#8221;true&#8221; title=&#8221;\u00c1tutal\u00e1s Magyarorsz\u00e1gon k\u00edv\u00fclr\u0151l, HUF&#8221; tab_id=&#8221;1724078900007-7679b892-4249&#8243;][vc_column_text css=&#8221;&#8221;]Account holder: Wanderhouse LLC.<br \/>\nSwift\/BIC: TRWIBEBBXXX<br \/>\nIBAN: HU71 1260 0016 1279 3080 7862 6474<br \/>\nBank name and address: Wise<br \/>\nRue du Tr\u00f4ne 100, 3rd floor<br \/>\nBrussels<br \/>\n1050<br \/>\nBelgium[\/vc_column_text][\/vc_tta_section][\/vc_tta_tabs][\/vc_column][\/vc_row]<\/p>\n<\/div>","protected":false},"excerpt":{"rendered":"<p>[vc_row css=&#8221;.vc_custom_1721332089121{padding-top: 55px !important;}&#8221;][vc_column][vc_column_text css=&#8221;.vc_custom_1728478840796{padding-top: 55px !important;padding-bottom: 55px !important;}&#8221; el_class=&#8221;text-block&#8221;] VPBCS 42% kibocs\u00e1t\u00e1si b\u00f3nusz! Most el\u0151re lefoglalhatja a teljes P-BCS (Pre-Bee Cash) mennyis\u00e9get a P-BCS el\u0151jegyz\u00e9sekor befizetett \u00f6sszeggel.[\/vc_column_text][\/vc_column][\/vc_row][vc_row css_animation=&#8221;fadeInUp&#8221; css=&#8221;.vc_custom_1721332305452{padding-bottom: 55px !important;}&#8221;][vc_column][vc_row_inner equal_height=&#8221;yes&#8221; content_placement=&#8221;middle&#8221;][vc_column_inner el_class=&#8221;res-m-btm&#8221; width=&#8221;1\/2&#8243; animate=&#8221;fadeInUp&#8221; time=&#8221;0&#8243;][vc_single_image image=&#8221;1605&#8243; img_size=&#8221;full&#8221; alignment=&#8221;center&#8221; css_animation=&#8221;fadeInLeft&#8221; css=&#8221;.vc_custom_1728495805102{padding-right: 38px !important;padding-left: 38px !important;}&#8221;][\/vc_column_inner][vc_column_inner width=&#8221;1\/2&#8243;][vc_column_text css=&#8221;.vc_custom_1728487751258{padding-right: 38px !important;padding-left: 38px !important;}&#8221; el_class=&#8221;text-block&#8221;] VPBCS [&hellip;]<\/p>\n","protected":false},"author":1,"featured_media":0,"parent":0,"menu_order":0,"comment_status":"closed","ping_status":"closed","template":"page-templates\/template-fullwidth.php","meta":{"footnotes":""},"class_list":["post-1007","page","type-page","status-publish","hentry"],"_links":{"self":[{"href":"https:\/\/bee-ecosystem.io\/hu\/wp-json\/wp\/v2\/pages\/1007","targetHints":{"allow":["GET"]}}],"collection":[{"href":"https:\/\/bee-ecosystem.io\/hu\/wp-json\/wp\/v2\/pages"}],"about":[{"href":"https:\/\/bee-ecosystem.io\/hu\/wp-json\/wp\/v2\/types\/page"}],"author":[{"embeddable":true,"href":"https:\/\/bee-ecosystem.io\/hu\/wp-json\/wp\/v2\/users\/1"}],"replies":[{"embeddable":true,"href":"https:\/\/bee-ecosystem.io\/hu\/wp-json\/wp\/v2\/comments?post=1007"}],"version-history":[{"count":69,"href":"https:\/\/bee-ecosystem.io\/hu\/wp-json\/wp\/v2\/pages\/1007\/revisions"}],"predecessor-version":[{"id":2189,"href":"https:\/\/bee-ecosystem.io\/hu\/wp-json\/wp\/v2\/pages\/1007\/revisions\/2189"}],"wp:attachment":[{"href":"https:\/\/bee-ecosystem.io\/hu\/wp-json\/wp\/v2\/media?parent=1007"}],"curies":[{"name":"wp","href":"https:\/\/api.w.org\/{rel}","templated":true}]}}